{"id":99,"date":"2019-01-21T12:05:43","date_gmt":"2019-01-21T11:05:43","guid":{"rendered":"http:\/\/korejouplongee.com\/mesmerize"},"modified":"2026-03-02T09:07:27","modified_gmt":"2026-03-02T08:07:27","slug":"acceuil","status":"publish","type":"page","link":"https:\/\/korejouplongee.com\/","title":{"rendered":"Acceuil"},"content":{"rendered":"<div id=\"features-3\" class=\"features-12-card-bordered content-section content-section-spacing \" style=\"background-color: #f5fafd; background-image: none;\" data-label=\"Features\" data-id=\"features-12-card-bordered\" data-export-id=\"features-12-card-bordered\" data-category=\"features\">\n<div class=\"\">\n<div class=\"row text-center\">\n<div class=\"section-title-col\" data-type=\"column\">\n\nInstall\u00e9 \u00e0 Saint Pabu (Finist\u00e8re nord \u2013 Bretagne ) Korejou plong\u00e9e vous accueille \u00e0 partir du 28 mars 2026 dans une ambiance conviviale, pour vous faire d\u00e9couvrir la richesse des fonds sous-marins de l\u2019Aber Beno\u00eet et de ses alentours (de Porsall \u00e0 l\u2019\u00eele Vierge).\nVous pourrez \u00e9galement explorer plusieurs \u00e9paves telles que l\u2019Amoco-cadiz, le Levenvale, l\u2019Elektra, le T-27, le Podesta\u2026\n<p class=\"\"><\/p>\nLe Centre Kor\u00e9jou Plong\u00e9e est bas\u00e9 \u00e0 Saint Pabu,\u00a0 sur le quai du stellac\u2019h \u00e0 20 minutes au nord de Brest.\n\n<img class=\"custom-image\" title=\"PHOTOS 2013 PARAFLASH (13)\" src=\"http:\/\/korejouplongee.com\/wp-content\/uploads\/2019\/12\/PHOTOS-2013-PARAFLASH-13.jpg\" alt=\"\" \/>\n<p class=\"\"><\/p>\nLe centre korejou plong\u00e9e est une structure professionnelle dirig\u00e9e par Perrine et Jeff moniteurs brevet\u00e9s d\u2019\u00e9tat et instructeurs padi.\n\n<img class=\"custom-image\" title=\"perrine1\" src=\"http:\/\/korejouplongee.com\/wp-content\/uploads\/2019\/06\/perrine1.jpg\" alt=\"\" \/><img class=\"custom-image\" title=\"cropped-jeff-1.jpg\" src=\"http:\/\/korejouplongee.com\/wp-content\/uploads\/2019\/01\/cropped-jeff-1.jpg\" alt=\"\" \/><img src=\"https:\/\/www.salon-de-la-plongee.com\/resources\/images\/visuals\/2026\/Salon%20Plongee%202026_Banniere_300x250px_FR.jpg\" \/>\n\n<\/div>\n<\/div>\n<div class=\"row spaced-cols content-center-sm\" data-type=\"row\">\n<div class=\"col-sm-6 col-md-4 \">\n<div class=\"card row-card bordered y-move\">\n<div class=\"row\">\n<div class=\"col-sm-fit icon-column\" data-preview-empty=\"1\"><\/div>\n<div class=\"col-sm\" data-type=\"column\"><\/div>\n<\/div>\n<\/div>\n<\/div>\n<\/div>\n<\/div>\n<\/div>\n<div id=\"contact-1\" class=\"contact-1 content-section content-section-spacing white-text\" style=\"background-image: url('http:\/\/korejouplongee.com\/wp-content\/uploads\/2019\/06\/algues-korejou.jpg'); background-size: cover; background-position: center top;\" data-label=\"Contact\" data-id=\"contact-1\" data-export-id=\"contact-1\" data-category=\"contact\" data-parallax-depth=\"20\">\n<div class=\"gridContainer\">\n<div class=\"row text-center\">\n<div class=\"section-title-col\" data-type=\"column\">\n<h2 class=\"\">\u00a0 \u00a0 \u00a0 \u00a0Contactez nous<\/h2>\n<p class=\"lead\">Kor\u00e9jou plong\u00e9e\nQuai du stellac\u2019h\n29830 SAINT PABU<\/p>\nT\u00e9l\u00e9phone : 02 98 37 42 83\nPortable : 06 30 91 75 77\n\nContact par e-mail \u00e0\nkorejouplongee@wanadoo.fr\n\nsarl au capital de 6000euros tva FR77488199696\n\n<\/div>\n<div class=\"section-title-col\" data-type=\"column\">\n<h4><\/h4>\n<\/div>\n<\/div>\n<div class=\"row text-center\">\n<div class=\"col-xs-12 col-sm-8 col-sm-offset-2 contact-form-wrapper inline-info\">\n<div class=\"card large-padding\">\n<div class=\"\" data-content-shortcode=\"mesmerize_contact_form\" data-editable=\"true\"><p style=\"text-align:center;color:#ababab\">Contact form will be displayed here. To activate it you have to set the \"contact form shortcode\" parameter in Customizer.<\/p><\/div>\n<\/div>\n<\/div>\n<\/div>\n<\/div>\n<\/div>","protected":false},"excerpt":{"rendered":"<p>Install\u00e9 \u00e0 Saint Pabu (Finist\u00e8re nord \u2013 Bretagne ) Korejou plong\u00e9e vous accueille \u00e0 partir du 28 mars 2026 dans une ambiance conviviale, pour vous faire d\u00e9couvrir la richesse des fonds sous-marins de l\u2019Aber Beno\u00eet et de ses alentours (de Porsall \u00e0 l\u2019\u00eele Vierge). Vous pourrez \u00e9galement explorer plusieurs \u00e9paves telles que l\u2019Amoco-cadiz, le Levenvale,&hellip; <br \/> <a class=\"read-more\" href=\"https:\/\/korejouplongee.com\/\">Lire la suite<\/a><\/p>\n","protected":false},"author":1,"featured_media":0,"parent":0,"menu_order":0,"comment_status":"closed","ping_status":"closed","template":"","meta":[],"_links":{"self":[{"href":"https:\/\/korejouplongee.com\/index.php\/wp-json\/wp\/v2\/pages\/99"}],"collection":[{"href":"https:\/\/korejouplongee.com\/index.php\/wp-json\/wp\/v2\/pages"}],"about":[{"href":"https:\/\/korejouplongee.com\/index.php\/wp-json\/wp\/v2\/types\/page"}],"author":[{"embeddable":true,"href":"https:\/\/korejouplongee.com\/index.php\/wp-json\/wp\/v2\/users\/1"}],"replies":[{"embeddable":true,"href":"https:\/\/korejouplongee.com\/index.php\/wp-json\/wp\/v2\/comments?post=99"}],"version-history":[{"count":47,"href":"https:\/\/korejouplongee.com\/index.php\/wp-json\/wp\/v2\/pages\/99\/revisions"}],"predecessor-version":[{"id":1350,"href":"https:\/\/korejouplongee.com\/index.php\/wp-json\/wp\/v2\/pages\/99\/revisions\/1350"}],"wp:attachment":[{"href":"https:\/\/korejouplongee.com\/index.php\/wp-json\/wp\/v2\/media?parent=99"}],"curies":[{"name":"wp","href":"https:\/\/api.w.org\/{rel}","templated":true}]}}