{"id":955,"date":"2019-04-26T16:24:30","date_gmt":"2019-04-26T14:24:30","guid":{"rendered":"http:\/\/korejouplongee.com\/?page_id=955"},"modified":"2020-05-05T16:01:12","modified_gmt":"2020-05-05T14:01:12","slug":"cheque-cadeau","status":"publish","type":"page","link":"https:\/\/korejouplongee.com\/index.php\/cheque-cadeau","title":{"rendered":"ch\u00e8que cadeau"},"content":{"rendered":"\n<p>bient\u00f4t une f\u00eate, un \u00e9v\u00e9nement familial, un anniversaire&#8230;<\/p>\n\n\n\n<p>offrez une exp\u00e9rience inoubliable<\/p>\n\n\n\n<figure class=\"wp-block-image\"><img loading=\"lazy\" width=\"1024\" height=\"478\" src=\"http:\/\/korejouplongee.com\/wp-content\/uploads\/2020\/05\/ch\u00e9que-cadeau-page-001-e1588687234673-1024x478.jpg\" alt=\"\" class=\"wp-image-1274\" srcset=\"https:\/\/korejouplongee.com\/wp-content\/uploads\/2020\/05\/ch\u00e9que-cadeau-page-001-e1588687234673-1024x478.jpg 1024w, https:\/\/korejouplongee.com\/wp-content\/uploads\/2020\/05\/ch\u00e9que-cadeau-page-001-e1588687234673-300x140.jpg 300w, https:\/\/korejouplongee.com\/wp-content\/uploads\/2020\/05\/ch\u00e9que-cadeau-page-001-e1588687234673-768x359.jpg 768w, https:\/\/korejouplongee.com\/wp-content\/uploads\/2020\/05\/ch\u00e9que-cadeau-page-001-e1588687234673-1920x897.jpg 1920w\" sizes=\"(max-width: 1024px) 100vw, 1024px\" \/><\/figure>\n\n\n\n<p><br>Voici la proc\u00e9dure&nbsp;\u00e0 suivre pour un ch\u00e8que cadeau&nbsp;:<\/p>\n\n\n\n<p>1. Vous nous envoyer votre r\u00e8glement correspondant \u00e0 la prestation choisie par ch\u00e8que \u00e0 l\u2019ordre de \u00ab&nbsp;korejou plong\u00e9e&nbsp;\u00bb et \u00e0 l\u2019adresse&nbsp;: Korejou plong\u00e9e quai du stellac&rsquo;h 29830 Saint Pabu<\/p>\n\n\n\n<p>2. Dans votre courrier, vous nous pr\u00e9cisez votre nom, pr\u00e9nom, num\u00e9ro de t\u00e9l\u00e9phone ainsi que votre mail.<\/p>\n\n\n\n<p>3. Vous nous indiquez le nom, pr\u00e9nom, num\u00e9ro de t\u00e9l\u00e9phone et mail&nbsp;du b\u00e9n\u00e9ficiaire du ch\u00e8que cadeau.<\/p>\n\n\n\n<p>4. D\u00e8s r\u00e9ception de votre courrier nous vous faisons partir le ch\u00e8que cadeau.<\/p>\n\n\n\n<p>5. Deux possibilit\u00e9s pour l\u2019envoi du ch\u00e8que cadeau&nbsp;:<\/p>\n\n\n\n<ul><li> en pdf via votre adresse mail que vous imprimerez ensuite.<\/li><\/ul>\n\n\n\n<p>Ou<\/p>\n\n\n\n<ul><li> par voie postale dans ce cas nous faire parvenir dans votre courrier une enveloppe (11&#215;22) timbr\u00e9e et libell\u00e9e \u00e0 l\u2019adresse o\u00f9 vous souhaitez recevoir le ch\u00e8que cadeau.<\/li><\/ul>\n\n\n\n<p>A nous pr\u00e9ciser dans votre courrier.<\/p>\n\n\n\n<p>6. le ch\u00e8que cadeau est valable un an \u00e0 partir de la date d\u2019achat.<\/p>\n\n\n\n<p>7. le b\u00e9n\u00e9ficiaire nous contactera ensuite pour effectuer sa prestation.<\/p>\n\n\n\n<p>Pour&nbsp;tout renseignement compl\u00e9mentaire, nous contacter&nbsp;<\/p>\n","protected":false},"excerpt":{"rendered":"<p>bient\u00f4t une f\u00eate, un \u00e9v\u00e9nement familial, un anniversaire&#8230; offrez une exp\u00e9rience inoubliable Voici la proc\u00e9dure&nbsp;\u00e0 suivre pour un ch\u00e8que cadeau&nbsp;: 1. Vous nous envoyer votre r\u00e8glement correspondant \u00e0 la prestation choisie par ch\u00e8que \u00e0 l\u2019ordre de \u00ab&nbsp;korejou plong\u00e9e&nbsp;\u00bb et \u00e0 l\u2019adresse&nbsp;: Korejou plong\u00e9e quai du stellac&rsquo;h 29830 Saint Pabu 2. Dans votre courrier, vous nous&hellip; <br \/> <a class=\"read-more\" href=\"https:\/\/korejouplongee.com\/index.php\/cheque-cadeau\">Lire la suite<\/a><\/p>\n","protected":false},"author":1,"featured_media":0,"parent":0,"menu_order":0,"comment_status":"closed","ping_status":"closed","template":"","meta":[],"_links":{"self":[{"href":"https:\/\/korejouplongee.com\/index.php\/wp-json\/wp\/v2\/pages\/955"}],"collection":[{"href":"https:\/\/korejouplongee.com\/index.php\/wp-json\/wp\/v2\/pages"}],"about":[{"href":"https:\/\/korejouplongee.com\/index.php\/wp-json\/wp\/v2\/types\/page"}],"author":[{"embeddable":true,"href":"https:\/\/korejouplongee.com\/index.php\/wp-json\/wp\/v2\/users\/1"}],"replies":[{"embeddable":true,"href":"https:\/\/korejouplongee.com\/index.php\/wp-json\/wp\/v2\/comments?post=955"}],"version-history":[{"count":10,"href":"https:\/\/korejouplongee.com\/index.php\/wp-json\/wp\/v2\/pages\/955\/revisions"}],"predecessor-version":[{"id":1276,"href":"https:\/\/korejouplongee.com\/index.php\/wp-json\/wp\/v2\/pages\/955\/revisions\/1276"}],"wp:attachment":[{"href":"https:\/\/korejouplongee.com\/index.php\/wp-json\/wp\/v2\/media?parent=955"}],"curies":[{"name":"wp","href":"https:\/\/api.w.org\/{rel}","templated":true}]}}