{"id":730,"date":"2019-04-15T17:46:28","date_gmt":"2019-04-15T15:46:28","guid":{"rendered":"http:\/\/korejouplongee.com\/?page_id=730"},"modified":"2020-03-14T16:02:05","modified_gmt":"2020-03-14T15:02:05","slug":"materiel-doccasion","status":"publish","type":"page","link":"https:\/\/korejouplongee.com\/index.php\/materiel-doccasion","title":{"rendered":"Mat\u00e9riel d&rsquo;occasion"},"content":{"rendered":"\n<p><strong>Voici le mat\u00e9riel d&rsquo;occasion au centre.<\/strong><\/p>\n\n\n\n<div class=\"wp-block-media-text alignwide\"><figure class=\"wp-block-media-text__media\"><img loading=\"lazy\" width=\"225\" height=\"225\" src=\"http:\/\/korejouplongee.com\/wp-content\/uploads\/2019\/06\/t\u00e9l\u00e9chargement.jpg\" alt=\"stab\" class=\"wp-image-1148\" srcset=\"https:\/\/korejouplongee.com\/wp-content\/uploads\/2019\/06\/t\u00e9l\u00e9chargement.jpg 225w, https:\/\/korejouplongee.com\/wp-content\/uploads\/2019\/06\/t\u00e9l\u00e9chargement-150x150.jpg 150w\" sizes=\"(max-width: 225px) 100vw, 225px\" \/><\/figure><div class=\"wp-block-media-text__content\">\n<p class=\"has-large-font-size\">Mat\u00e9riel de plong\u00e9e<\/p>\n\n\n\n<p><\/p>\n<\/div><\/div>\n","protected":false},"excerpt":{"rendered":"<p>Voici le mat\u00e9riel d&rsquo;occasion au centre. Mat\u00e9riel de plong\u00e9e<\/p>\n","protected":false},"author":1,"featured_media":0,"parent":0,"menu_order":0,"comment_status":"closed","ping_status":"closed","template":"","meta":[],"_links":{"self":[{"href":"https:\/\/korejouplongee.com\/index.php\/wp-json\/wp\/v2\/pages\/730"}],"collection":[{"href":"https:\/\/korejouplongee.com\/index.php\/wp-json\/wp\/v2\/pages"}],"about":[{"href":"https:\/\/korejouplongee.com\/index.php\/wp-json\/wp\/v2\/types\/page"}],"author":[{"embeddable":true,"href":"https:\/\/korejouplongee.com\/index.php\/wp-json\/wp\/v2\/users\/1"}],"replies":[{"embeddable":true,"href":"https:\/\/korejouplongee.com\/index.php\/wp-json\/wp\/v2\/comments?post=730"}],"version-history":[{"count":5,"href":"https:\/\/korejouplongee.com\/index.php\/wp-json\/wp\/v2\/pages\/730\/revisions"}],"predecessor-version":[{"id":1268,"href":"https:\/\/korejouplongee.com\/index.php\/wp-json\/wp\/v2\/pages\/730\/revisions\/1268"}],"wp:attachment":[{"href":"https:\/\/korejouplongee.com\/index.php\/wp-json\/wp\/v2\/media?parent=730"}],"curies":[{"name":"wp","href":"https:\/\/api.w.org\/{rel}","templated":true}]}}