{"id":51,"date":"2019-01-21T11:59:25","date_gmt":"2019-01-21T10:59:25","guid":{"rendered":"http:\/\/korejouplongee.com\/?page_id=51"},"modified":"2025-12-06T09:01:03","modified_gmt":"2025-12-06T08:01:03","slug":"les-tarifs-groupes","status":"publish","type":"page","link":"https:\/\/korejouplongee.com\/index.php\/les-tarifs-groupes","title":{"rendered":"Les tarifs de groupes"},"content":{"rendered":"\n<h3 class=\"has-text-align-center\"><strong>POUR LES GROUPES ET CE<\/strong><\/h3>\n\n\n\n<div style=\"height:100px\" aria-hidden=\"true\" class=\"wp-block-spacer\"><\/div>\n\n\n\n<p class=\"has-text-align-left\"><strong>BAPTEME<\/strong><\/p>\n\n\n\n<figure class=\"wp-block-table\"><table><tbody><tr><td> <br> A partir de 8 personnes  <\/td><td> N<strong>ous contacter<\/strong><br><\/td><\/tr><tr><td> <br><\/td><td> <br><\/td><\/tr><\/tbody><\/table><\/figure>\n\n\n\n<div style=\"height:100px\" aria-hidden=\"true\" class=\"wp-block-spacer\"><\/div>\n\n\n\n<p class=\"has-text-align-left\"><strong>EXPLORATION<\/strong> Auto-encadr\u00e9 <\/p>\n\n\n\n<p><\/p>\n\n\n\n<figure class=\"wp-block-table\"><table><tbody><tr><td> <br>A partir de 10 personnes <\/td><td> <br><strong>nous contacter<\/strong> <\/td><\/tr><tr><td> <br> <\/td><td> <br><\/td><\/tr><\/tbody><\/table><\/figure>\n\n\n\n<div style=\"height:100px\" aria-hidden=\"true\" class=\"wp-block-spacer\"><\/div>\n\n\n\n<h4 class=\"has-text-align-center\">Sont inclus la bouteille, l\u2019air, le lest et la RC<\/h4>\n\n\n\n<div style=\"height:100px\" aria-hidden=\"true\" class=\"wp-block-spacer\"><\/div>\n\n\n\n<figure class=\"wp-block-table\"><table><tbody><tr><td> <br>Suppl\u00e9ment plong\u00e9e \u00e9pave (Amoco, elektra)<br><\/td><td> <br>&nbsp;<strong>5 \u20ac<\/strong> <br><\/td><\/tr><tr><td> <br>Location de mat\u00e9riels   ( stab, d\u00e9tendeur, combie) <\/td><td> <br><strong>5 \u20ac\/<\/strong>unit\u00e9 <\/td><\/tr><\/tbody><\/table><\/figure>\n\n\n\n<p>Mise \u00e0 disposition d\u2019un moniteur 45<strong> \u20ac\u00a0<\/strong>par plong\u00e9e <\/p>\n","protected":false},"excerpt":{"rendered":"<p>POUR LES GROUPES ET CE BAPTEME A partir de 8 personnes Nous contacter EXPLORATION Auto-encadr\u00e9 A partir de 10 personnes nous contacter Sont inclus la bouteille, l\u2019air, le lest et la RC Suppl\u00e9ment plong\u00e9e \u00e9pave (Amoco, elektra) &nbsp;5 \u20ac Location de mat\u00e9riels ( stab, d\u00e9tendeur, combie) 5 \u20ac\/unit\u00e9 Mise \u00e0 disposition d\u2019un moniteur 45 \u20ac\u00a0par&hellip; <br \/> <a class=\"read-more\" href=\"https:\/\/korejouplongee.com\/index.php\/les-tarifs-groupes\">Lire la suite<\/a><\/p>\n","protected":false},"author":1,"featured_media":0,"parent":0,"menu_order":0,"comment_status":"closed","ping_status":"closed","template":"","meta":[],"_links":{"self":[{"href":"https:\/\/korejouplongee.com\/index.php\/wp-json\/wp\/v2\/pages\/51"}],"collection":[{"href":"https:\/\/korejouplongee.com\/index.php\/wp-json\/wp\/v2\/pages"}],"about":[{"href":"https:\/\/korejouplongee.com\/index.php\/wp-json\/wp\/v2\/types\/page"}],"author":[{"embeddable":true,"href":"https:\/\/korejouplongee.com\/index.php\/wp-json\/wp\/v2\/users\/1"}],"replies":[{"embeddable":true,"href":"https:\/\/korejouplongee.com\/index.php\/wp-json\/wp\/v2\/comments?post=51"}],"version-history":[{"count":21,"href":"https:\/\/korejouplongee.com\/index.php\/wp-json\/wp\/v2\/pages\/51\/revisions"}],"predecessor-version":[{"id":1348,"href":"https:\/\/korejouplongee.com\/index.php\/wp-json\/wp\/v2\/pages\/51\/revisions\/1348"}],"wp:attachment":[{"href":"https:\/\/korejouplongee.com\/index.php\/wp-json\/wp\/v2\/media?parent=51"}],"curies":[{"name":"wp","href":"https:\/\/api.w.org\/{rel}","templated":true}]}}