{"id":50,"date":"2019-01-21T11:59:24","date_gmt":"2019-01-21T10:59:24","guid":{"rendered":"http:\/\/korejouplongee.com\/?page_id=50"},"modified":"2025-12-06T08:57:43","modified_gmt":"2025-12-06T07:57:43","slug":"les-tarifs-individuels","status":"publish","type":"page","link":"https:\/\/korejouplongee.com\/index.php\/les-tarifs-individuels","title":{"rendered":"Les tarifs individuels"},"content":{"rendered":"\n<h2 class=\"has-text-align-left\"><strong><br>Bapt\u00eame<\/strong><\/h2>\n\n\n\n<figure class=\"wp-block-table\"><table><tbody><tr><td> <br><strong>Bapt\u00eame<\/strong>&nbsp;<br>( \u00e0 partir de 8 ans ) <\/td><td> <strong>75 \u20ac<\/strong> <\/td><\/tr><tr><td> <br><strong>Bapt\u00eame plus<\/strong>  <br>2 s\u00e9ances en mer, d\u00e9couverte et initiation \u00e0 la plong\u00e9e <\/td><td> <br><strong>140 \u20ac<\/strong> <\/td><\/tr><tr><td> <br><strong>Pack D\u00e9couverte<\/strong>&nbsp;<br>( 3 s\u00e9ances en bouteilles ) \u00e0 partir de 8 ans <\/td><td> <br><strong>190 \u20ac<\/strong> <\/td><\/tr><\/tbody><\/table><\/figure>\n\n\n\n<div style=\"height:100px\" aria-hidden=\"true\" class=\"wp-block-spacer\"><\/div>\n\n\n\n<h2><strong>Formation ffessm et anmp<\/strong><\/h2>\n\n\n\n<figure class=\"wp-block-table is-style-regular\"><table><tbody><tr><td> <br><strong>NIVEAU 1 (PE 20) :<\/strong>  <br>6 s\u00e9ances en mer + cours th\u00e9orique + carnet de plong\u00e9e <\/td><td> <br><strong>420 \u20ac<\/strong> <\/td><\/tr><tr><td> <br><strong>PLONGEUR AUTONOME \u00e0 20m (PA 20):<\/strong>  <br>8 s\u00e9ances en mer + cours th\u00e9orique <\/td><td> <br><strong>430 \u20ac<\/strong> <\/td><\/tr><tr><td> <br><strong>PLONGEUR ENCADRE \u00e0 40m (PE 40):<\/strong>  <br>3 \u00a0s\u00e9ances en mer + cours th\u00e9orique <\/td><td> <br><strong>250 \u20ac<\/strong> <\/td><\/tr><tr><td> <br><strong>NIVEAU 2:<\/strong>  <br>10 s\u00e9ances en mer + cours th\u00e9orique <\/td><td> <br><strong>510 \u20ac<\/strong> <\/td><\/tr><tr><td> <br><strong>PLONGEUR AUTONOME \u00e0 40m (PA 40):<\/strong>  <br>8 s\u00e9ances en mer + cours th\u00e9orique <\/td><td> <br><strong>490 \u20ac<\/strong> <\/td><\/tr><tr><td> <br><strong>NIVEAU 3 (PA 60) : <\/strong> <br>10 s\u00e9ances en mer + cours th\u00e9orique <\/td><td> <br><strong>600 \u20ac<\/strong> <\/td><\/tr><tr><td><\/td><td> <br><br><\/td><\/tr><\/tbody><\/table><\/figure>\n\n\n\n<p><strong>Plong\u00e9e technique<\/strong> 0-20 m\u00e8tres\u00a0(remise \u00e0 niveau, cours suppl\u00e9mentaire\u2026)                                                                <strong>60 \u20ac<\/strong><br><strong>Plong\u00e9e technique<\/strong> 20-40 m\u00e8tres\u00a0(remise \u00e0 niveau, cours suppl\u00e9mentaire\u2026)                                                            <strong>  65 \u20ac<\/strong><\/p>\n\n\n\n<p><strong>Pour toutes nos formations sont inclus la certification et la RC.<\/strong><\/p>\n\n\n\n<p><strong>La location de mat\u00e9riel n&rsquo;est pas incluse sauf pour le niveau 1 (voir la rubrique location de mat\u00e9riel)<\/strong><\/p>\n\n\n\n<div style=\"height:100px\" aria-hidden=\"true\" class=\"wp-block-spacer\"><\/div>\n\n\n\n<h2><strong>Formation enfant (\u00e0 partir de 8ans)<\/strong><\/h2>\n\n\n\n<figure class=\"wp-block-table\"><table><tbody><tr><td> <br><strong>TETARDO<\/strong> ou EXPLORATOR : <br>4 s\u00e9ances en mer + cours th\u00e9orique <\/td><td> <br><strong>250 \u20ac<\/strong> <\/td><\/tr><tr><td><\/td><td> <br><\/td><\/tr><\/tbody><\/table><\/figure>\n\n\n\n<p><strong>Pour toutes nos formations sont inclus&nbsp;: le mat\u00e9riel et la RC.<\/strong><\/p>\n\n\n\n<div style=\"height:100px\" aria-hidden=\"true\" class=\"wp-block-spacer\"><\/div>\n\n\n\n<h2><strong>Rando phoque<\/strong><br><\/h2>\n\n\n\n<figure class=\"wp-block-table\"><table><tbody><tr><td> <br>A la d\u00e9couverte des<strong>&nbsp;PHOQUES<\/strong>&nbsp;en palme masque et tuba (encadr\u00e9 par un moniteur) <\/td><td> <br><strong>60 \u20ac<\/strong> <\/td><\/tr><\/tbody><\/table><\/figure>\n\n\n\n<div style=\"height:50px\" aria-hidden=\"true\" class=\"wp-block-spacer\"><\/div>\n\n\n\n<p class=\"has-black-color has-text-color\" style=\"font-size:31px\"><strong>location de mat\u00e9riel&nbsp;:<\/strong><\/p>\n\n\n\n<figure class=\"wp-block-table is-style-regular\"><table><tbody><tr><td><strong>1 \u00e9l\u00e9ment ( stab, combinaison, d\u00e9tendeur ou PMT )<\/strong><br><strong>Location compl\u00e8te <br>Ordinateur<br>Compas<br>Lampe<\/strong><\/td><td><br><strong>5\u20ac <\/strong><br><strong>15\u20ac<\/strong><br><strong>5\u20ac<\/strong><br><strong>3\u20ac<\/strong><br><strong>5\u20ac<\/strong><br><\/td><\/tr><tr><td> <br>Forfait mat\u00e9riel pour les stages<br><\/td><td>1<strong>0\u20ac<\/strong>&nbsp; par plong\u00e9e<\/td><\/tr><\/tbody><\/table><\/figure>\n\n\n\n<div style=\"height:100px\" aria-hidden=\"true\" class=\"wp-block-spacer\"><\/div>\n\n\n\n<h2><strong>Formation PADI<\/strong><\/h2>\n\n\n\n<figure class=\"wp-block-table\"><table><tbody><tr><td><\/td><td> <br><\/td><\/tr><tr><td> <br><strong>OPEN WATER DIVER<\/strong>  <br>7 s\u00e9ances en mer + cours th\u00e9orique <\/td><td> <br><strong>600\u20ac<\/strong> <\/td><\/tr><tr><td> <br><strong>ADVENCED OPEN WATER DIVER<\/strong>  <br>5 s\u00e9ances en mer +cours th\u00e9orique <br><\/td><td> <br><strong>500 \u20ac<\/strong> <\/td><\/tr><tr><td> <br><strong>RESCUE DIVER <\/strong>  <br>6 s\u00e9ances en mer +cours th\u00e9orique <br><\/td><td> <br><strong>650 \u20ac<\/strong> <\/td><\/tr><tr><td><br> <\/td><td> <br><\/td><\/tr><\/tbody><\/table><\/figure>\n\n\n\n<p><\/p>\n\n\n\n<p>La location de mat\u00e9riel et le e-learning sont  inclus<\/p>\n\n\n\n<div style=\"height:100px\" aria-hidden=\"true\" class=\"wp-block-spacer\"><\/div>\n\n\n\n<h2>Exploration<\/h2>\n\n\n\n<div style=\"height:50px\" aria-hidden=\"true\" class=\"wp-block-spacer\"><\/div>\n\n\n\n<p class=\"has-vivid-cyan-blue-color has-text-color has-medium-font-size\"><strong>Plong\u00e9e encadr\u00e9e&nbsp;* ( avec un moniteur )<\/strong><\/p>\n\n\n\n<p class=\"has-vivid-cyan-blue-color has-text-color has-medium-font-size\">Pour toutes les explorations nous fournissons la bouteille, l&rsquo;air et le lest<strong><br><\/strong><\/p>\n\n\n\n<figure class=\"wp-block-table\"><table><tbody><tr><td> <br><strong>une plong\u00e9e<\/strong> <\/td><td> <br><strong>40 \u20ac<\/strong> <\/td><\/tr><tr><td> <br><strong>carnet de 6 plong\u00e9es <\/strong><\/td><td> <br><strong>234 \u20ac<\/strong> <\/td><\/tr><tr><td> <br><strong>carnet de 10 plong\u00e9es <\/strong><\/td><td> <br><strong>380 \u20ac<\/strong> <\/td><\/tr><\/tbody><\/table><\/figure>\n\n\n\n<div style=\"height:30px\" aria-hidden=\"true\" class=\"wp-block-spacer\"><\/div>\n\n\n\n<p><strong>*hors plong\u00e9e \u00e9pave<\/strong><\/p>\n\n\n\n<div style=\"height:50px\" aria-hidden=\"true\" class=\"wp-block-spacer\"><\/div>\n\n\n\n<p class=\"has-vivid-cyan-blue-color has-text-color has-medium-font-size\"><strong>Plong\u00e9e autonome*&nbsp; ( sans moniteur )<\/strong><\/p>\n\n\n\n<p class=\"has-vivid-cyan-blue-color has-text-color has-medium-font-size\">Pour toutes les explorations nous fournissons la bouteille, l&rsquo;air et le lest<strong><br><\/strong><\/p>\n\n\n\n<figure class=\"wp-block-table\"><table><tbody><tr><td> <br><strong>une plong\u00e9e <\/strong><\/td><td> <br><strong>35 \u20ac<\/strong> <\/td><\/tr><tr><td> <br><strong>carnet de&nbsp;6 plong\u00e9es <\/strong><\/td><td> <br><strong>204 \u20ac<\/strong> <\/td><\/tr><tr><td> <br><strong>carnet de 10 plong\u00e9es <\/strong><\/td><td> <br><strong>\u00a0330 \u20ac<\/strong> <\/td><\/tr><\/tbody><\/table><\/figure>\n\n\n\n<div style=\"height:30px\" aria-hidden=\"true\" class=\"wp-block-spacer\"><\/div>\n\n\n\n<p><strong>* hors plong\u00e9e \u00e9pave<\/strong><\/p>\n\n\n\n<div style=\"height:100px\" aria-hidden=\"true\" class=\"wp-block-spacer\"><\/div>\n\n\n\n<figure class=\"wp-block-table\"><table><tbody><tr><td> <br><br><\/td><td> <br>&nbsp;<\/td><\/tr><tr><td> <br><strong>Suppl\u00e9ment plong\u00e9e de nuit <\/strong> <\/td><td> <br>&nbsp;<strong>7 &nbsp;\u20ac\ufeff<\/strong> <\/td><\/tr><tr><td> <br><strong>Suppl\u00e9ment plong\u00e9e \u00e9pave<\/strong>&nbsp;<strong>(&nbsp;<\/strong>amoco, elektra, ) <br><\/td><td> <br><strong>5 \u20ac<\/strong> <br><\/td><\/tr><\/tbody><\/table><\/figure>\n\n\n\n<div style=\"height:50px\" aria-hidden=\"true\" class=\"wp-block-spacer\"><\/div>\n\n\n\n<p><\/p>\n\n\n\n<div style=\"height:100px\" aria-hidden=\"true\" class=\"wp-block-spacer\"><\/div>\n\n\n\n<h2>Fourniture<\/h2>\n\n\n\n<figure class=\"wp-block-table\"><table><tbody><tr><td> <br><strong>Licence FFESSM  <\/strong><\/td><td> <br><strong>50 \u20ac<\/strong> <\/td><\/tr><tr><td> <br><strong>Carnet de plong\u00e9e <\/strong><\/td><td> <br><strong>10 \u20ac<\/strong> <\/td><\/tr><tr><td> <br><strong>Carnet de plong\u00e9e enfant <\/strong><\/td><td> <br><strong>10 \u20ac\ufeff<\/strong> <\/td><\/tr><tr><td> <br><strong>Certification ANMP<\/strong>  <\/td><td> <br><strong>30 \u20ac\ufeff<\/strong> <\/td><\/tr><tr><td> <br><strong>Certification PADI  <\/strong><\/td><td> <br><strong>80 \u20ac<\/strong> <\/td><\/tr><tr><td> <br><strong>Certification ffessm<\/strong>  <\/td><td> <br><strong>30 \u20ac\ufeff<\/strong> <\/td><\/tr><tr><td> <br><strong>Manuel padi + certification<\/strong><\/td><td> <br>\u00a0<strong>170 \u20ac<\/strong> <\/td><\/tr><tr><td> <br><\/td><td> <br><\/td><\/tr><tr><td> <br><\/td><td> <br><\/td><\/tr><\/tbody><\/table><\/figure>\n","protected":false},"excerpt":{"rendered":"<p>Bapt\u00eame Bapt\u00eame&nbsp;( \u00e0 partir de 8 ans ) 75 \u20ac Bapt\u00eame plus 2 s\u00e9ances en mer, d\u00e9couverte et initiation \u00e0 la plong\u00e9e 140 \u20ac Pack D\u00e9couverte&nbsp;( 3 s\u00e9ances en bouteilles ) \u00e0 partir de 8 ans 190 \u20ac Formation ffessm et anmp NIVEAU 1 (PE 20) : 6 s\u00e9ances en mer + cours th\u00e9orique +&hellip; <br \/> <a class=\"read-more\" href=\"https:\/\/korejouplongee.com\/index.php\/les-tarifs-individuels\">Lire la suite<\/a><\/p>\n","protected":false},"author":1,"featured_media":0,"parent":0,"menu_order":0,"comment_status":"closed","ping_status":"closed","template":"","meta":[],"_links":{"self":[{"href":"https:\/\/korejouplongee.com\/index.php\/wp-json\/wp\/v2\/pages\/50"}],"collection":[{"href":"https:\/\/korejouplongee.com\/index.php\/wp-json\/wp\/v2\/pages"}],"about":[{"href":"https:\/\/korejouplongee.com\/index.php\/wp-json\/wp\/v2\/types\/page"}],"author":[{"embeddable":true,"href":"https:\/\/korejouplongee.com\/index.php\/wp-json\/wp\/v2\/users\/1"}],"replies":[{"embeddable":true,"href":"https:\/\/korejouplongee.com\/index.php\/wp-json\/wp\/v2\/comments?post=50"}],"version-history":[{"count":60,"href":"https:\/\/korejouplongee.com\/index.php\/wp-json\/wp\/v2\/pages\/50\/revisions"}],"predecessor-version":[{"id":1347,"href":"https:\/\/korejouplongee.com\/index.php\/wp-json\/wp\/v2\/pages\/50\/revisions\/1347"}],"wp:attachment":[{"href":"https:\/\/korejouplongee.com\/index.php\/wp-json\/wp\/v2\/media?parent=50"}],"curies":[{"name":"wp","href":"https:\/\/api.w.org\/{rel}","templated":true}]}}