{"id":499,"date":"2019-04-12T10:22:37","date_gmt":"2019-04-12T08:22:37","guid":{"rendered":"http:\/\/korejouplongee.com\/?page_id=499"},"modified":"2019-06-04T17:50:55","modified_gmt":"2019-06-04T15:50:55","slug":"planning-complet","status":"publish","type":"page","link":"https:\/\/korejouplongee.com\/index.php\/planning-complet","title":{"rendered":"planning"},"content":{"rendered":"\n<p style=\"text-align:center\" class=\"has-medium-font-size\"> Le centre est ouvert tous les jours pour les plong\u00e9es d&rsquo;exploration, formation et bapt\u00eame.<\/p>\n\n\n\n<p style=\"text-align:center\" class=\"has-medium-font-size\"> nous contacter par t\u00e9l\u00e9phone 06.30.91.75.77 ou mail <a href=\"mailto:korejouplongee@wanadoo.fr\">korejouplongee@wanadoo.fr<\/a><\/p>\n\n\n\n<div style=\"height:100px\" aria-hidden=\"true\" class=\"wp-block-spacer\"><\/div>\n\n\n\n<iframe loading=\"lazy\" src=\"https:\/\/calendar.google.com\/calendar\/b\/3\/embed?height=600&amp;wkst=2&amp;bgcolor=%23ffffff&amp;ctz=Europe%2FParis&amp;src=a29yZWpvdXBsb25nZWVAd2FuYWRvby5mcg&amp;color=%237986CB&amp;showTitle=0&amp;showPrint=0&amp;showTabs=1&amp;showCalendars=0&amp;showTz=0\" style=\"border-width:0\" width=\"800\" height=\"600\" frameborder=\"0\" scrolling=\"no\"><\/iframe>\n","protected":false},"excerpt":{"rendered":"<p>Le centre est ouvert tous les jours pour les plong\u00e9es d&rsquo;exploration, formation et bapt\u00eame. nous contacter par t\u00e9l\u00e9phone 06.30.91.75.77 ou mail korejouplongee@wanadoo.fr<\/p>\n","protected":false},"author":1,"featured_media":0,"parent":0,"menu_order":0,"comment_status":"closed","ping_status":"closed","template":"","meta":[],"_links":{"self":[{"href":"https:\/\/korejouplongee.com\/index.php\/wp-json\/wp\/v2\/pages\/499"}],"collection":[{"href":"https:\/\/korejouplongee.com\/index.php\/wp-json\/wp\/v2\/pages"}],"about":[{"href":"https:\/\/korejouplongee.com\/index.php\/wp-json\/wp\/v2\/types\/page"}],"author":[{"embeddable":true,"href":"https:\/\/korejouplongee.com\/index.php\/wp-json\/wp\/v2\/users\/1"}],"replies":[{"embeddable":true,"href":"https:\/\/korejouplongee.com\/index.php\/wp-json\/wp\/v2\/comments?post=499"}],"version-history":[{"count":11,"href":"https:\/\/korejouplongee.com\/index.php\/wp-json\/wp\/v2\/pages\/499\/revisions"}],"predecessor-version":[{"id":1207,"href":"https:\/\/korejouplongee.com\/index.php\/wp-json\/wp\/v2\/pages\/499\/revisions\/1207"}],"wp:attachment":[{"href":"https:\/\/korejouplongee.com\/index.php\/wp-json\/wp\/v2\/media?parent=499"}],"curies":[{"name":"wp","href":"https:\/\/api.w.org\/{rel}","templated":true}]}}