{"id":49,"date":"2019-01-21T11:59:23","date_gmt":"2019-01-21T10:59:23","guid":{"rendered":"http:\/\/korejouplongee.com\/?page_id=49"},"modified":"2019-12-15T13:56:20","modified_gmt":"2019-12-15T12:56:20","slug":"randonnee-palmee","status":"publish","type":"page","link":"https:\/\/korejouplongee.com\/index.php\/randonnee-palmee","title":{"rendered":"Randonn\u00e9e palm\u00e9e"},"content":{"rendered":"\n<p style=\"text-align:center\"><strong>Rando phoque<\/strong><br><strong><\/strong><\/p>\n\n\n\n<div style=\"height:100px\" aria-hidden=\"true\" class=\"wp-block-spacer\"><\/div>\n\n\n\n<div class=\"wp-block-media-text alignwide is-stacked-on-mobile\"><figure class=\"wp-block-media-text__media\"><img loading=\"lazy\" width=\"882\" height=\"400\" src=\"http:\/\/korejouplongee.com\/wp-content\/uploads\/2019\/06\/rando-phoque.jpg\" alt=\"\" class=\"wp-image-1142\" srcset=\"https:\/\/korejouplongee.com\/wp-content\/uploads\/2019\/06\/rando-phoque.jpg 882w, https:\/\/korejouplongee.com\/wp-content\/uploads\/2019\/06\/rando-phoque-300x136.jpg 300w, https:\/\/korejouplongee.com\/wp-content\/uploads\/2019\/06\/rando-phoque-768x348.jpg 768w\" sizes=\"(max-width: 882px) 100vw, 882px\" \/><\/figure><div class=\"wp-block-media-text__content\">\n<p class=\"has-medium-font-size\">\n\nLa randonn\u00e9e palm\u00e9e, \u00e9galement d\u00e9nomm\u00e9e \u00ab&nbsp;<strong>snorkeling<\/strong>&nbsp;\u00bb, se d\u00e9fini comme une promenade de surface en milieu naturel, muni de palmes, masque et tuba (PMT) et d\u2019une combinaison de plong\u00e9e&nbsp;<br>La randonn\u00e9e palm\u00e9e, est une activit\u00e9 accessible \u00e0 tout le monde (\u00e0 partir de 8 ans), dont l\u2019objectif principal est la d\u00e9couverte et l\u2019observation du milieu marin et de la faune et la flore sous-marine dans la zone proche de la surface.\n\n<\/p>\n<\/div><\/div>\n\n\n\n<div style=\"height:100px\" aria-hidden=\"true\" class=\"wp-block-spacer\"><\/div>\n\n\n\n<p>nous proposons des&nbsp;<strong>randonn\u00e9es \u00e0 la d\u00e9couverte des phoque<\/strong>s : <a href=\"http:\/\/korejouplongee.com\/index.php\/planning-complet\">cliquer ici pour voir le planning<\/a><\/p>\n\n\n\n<p>minimum de 4 personnes au total.<\/p>\n\n\n\n<div style=\"height:100px\" aria-hidden=\"true\" class=\"wp-block-spacer\"><\/div>\n\n\n\n<p><\/p>\n\n\n\n<ul class=\"wp-block-gallery alignleft columns-0\"><\/ul>\n\n\n\n<ul class=\"wp-block-gallery alignleft columns-2\"><li class=\"blocks-gallery-item\"><figure><img src=\"http:\/\/korejouplongee.com\/wp-content\/uploads\/2019\/04\/pass-rando-1.jpg\" alt=\"\" data-id=\"529\" data-link=\"http:\/\/korejouplongee.com\/randonnee-palmee\/pass-rando-1\" class=\"wp-image-529\"\/><\/figure><\/li><li class=\"blocks-gallery-item\"><figure><img src=\"http:\/\/korejouplongee.com\/wp-content\/uploads\/2019\/04\/pass-rando-2.jpg\" alt=\"\" data-id=\"530\" data-link=\"http:\/\/korejouplongee.com\/randonnee-palmee\/pass-rando-2\" class=\"wp-image-530\"\/><\/figure><\/li><\/ul>\n\n\n\n<div style=\"height:100px\" aria-hidden=\"true\" class=\"wp-block-spacer\"><\/div>\n\n\n\n<div style=\"height:100px\" aria-hidden=\"true\" class=\"wp-block-spacer\"><\/div>\n\n\n\n<ul class=\"wp-block-gallery columns-2 is-cropped\"><li class=\"blocks-gallery-item\"><figure><a href=\"http:\/\/korejouplongee.com\/wp-content\/uploads\/2019\/06\/rando-phoque.jpg\"><img loading=\"lazy\" width=\"882\" height=\"400\" src=\"http:\/\/korejouplongee.com\/wp-content\/uploads\/2019\/06\/rando-phoque.jpg\" alt=\"\" data-id=\"1142\" data-link=\"http:\/\/korejouplongee.com\/rando-phoque\" class=\"wp-image-1142\" srcset=\"https:\/\/korejouplongee.com\/wp-content\/uploads\/2019\/06\/rando-phoque.jpg 882w, https:\/\/korejouplongee.com\/wp-content\/uploads\/2019\/06\/rando-phoque-300x136.jpg 300w, https:\/\/korejouplongee.com\/wp-content\/uploads\/2019\/06\/rando-phoque-768x348.jpg 768w\" sizes=\"(max-width: 882px) 100vw, 882px\" \/><\/a><\/figure><\/li><li class=\"blocks-gallery-item\"><figure><a href=\"http:\/\/korejouplongee.com\/wp-content\/uploads\/2019\/06\/phoque-gris2.NEF_-1024x490.jpg\"><img loading=\"lazy\" width=\"1024\" height=\"490\" src=\"http:\/\/korejouplongee.com\/wp-content\/uploads\/2019\/06\/phoque-gris2.NEF_-1024x490.jpg\" alt=\"\" data-id=\"1130\" data-link=\"http:\/\/korejouplongee.com\/phoque-gris2-nef\" class=\"wp-image-1130\" srcset=\"https:\/\/korejouplongee.com\/wp-content\/uploads\/2019\/06\/phoque-gris2.NEF_-1024x490.jpg 1024w, https:\/\/korejouplongee.com\/wp-content\/uploads\/2019\/06\/phoque-gris2.NEF_-300x144.jpg 300w, https:\/\/korejouplongee.com\/wp-content\/uploads\/2019\/06\/phoque-gris2.NEF_-768x368.jpg 768w, https:\/\/korejouplongee.com\/wp-content\/uploads\/2019\/06\/phoque-gris2.NEF_-1920x919.jpg 1920w\" sizes=\"(max-width: 1024px) 100vw, 1024px\" \/><\/a><\/figure><\/li><li class=\"blocks-gallery-item\"><figure><a href=\"http:\/\/korejouplongee.com\/wp-content\/uploads\/2019\/06\/PhoquesKerlouanWeb2.jpg\"><img loading=\"lazy\" width=\"865\" height=\"400\" src=\"http:\/\/korejouplongee.com\/wp-content\/uploads\/2019\/06\/PhoquesKerlouanWeb2.jpg\" alt=\"\" data-id=\"1132\" data-link=\"http:\/\/korejouplongee.com\/phoqueskerlouanweb2\" class=\"wp-image-1132\" srcset=\"https:\/\/korejouplongee.com\/wp-content\/uploads\/2019\/06\/PhoquesKerlouanWeb2.jpg 865w, https:\/\/korejouplongee.com\/wp-content\/uploads\/2019\/06\/PhoquesKerlouanWeb2-300x139.jpg 300w, https:\/\/korejouplongee.com\/wp-content\/uploads\/2019\/06\/PhoquesKerlouanWeb2-768x355.jpg 768w\" sizes=\"(max-width: 865px) 100vw, 865px\" \/><\/a><\/figure><\/li><li class=\"blocks-gallery-item\"><figure><a href=\"http:\/\/korejouplongee.com\/wp-content\/uploads\/2019\/06\/phoque-portrait-ouessant-jy-1024x680.jpg\"><img loading=\"lazy\" width=\"1024\" height=\"680\" src=\"http:\/\/korejouplongee.com\/wp-content\/uploads\/2019\/06\/phoque-portrait-ouessant-jy-1024x680.jpg\" alt=\"\" data-id=\"1131\" data-link=\"http:\/\/korejouplongee.com\/phoque-portrait-ouessant-jy\" class=\"wp-image-1131\" srcset=\"https:\/\/korejouplongee.com\/wp-content\/uploads\/2019\/06\/phoque-portrait-ouessant-jy-1024x680.jpg 1024w, https:\/\/korejouplongee.com\/wp-content\/uploads\/2019\/06\/phoque-portrait-ouessant-jy-300x199.jpg 300w, https:\/\/korejouplongee.com\/wp-content\/uploads\/2019\/06\/phoque-portrait-ouessant-jy-768x510.jpg 768w, https:\/\/korejouplongee.com\/wp-content\/uploads\/2019\/06\/phoque-portrait-ouessant-jy.jpg 1181w\" sizes=\"(max-width: 1024px) 100vw, 1024px\" \/><\/a><\/figure><\/li><li class=\"blocks-gallery-item\"><figure><a href=\"http:\/\/korejouplongee.com\/wp-content\/uploads\/2019\/06\/Copie-de-IMG_0158-999x1024.jpg\"><img loading=\"lazy\" width=\"999\" height=\"1024\" src=\"http:\/\/korejouplongee.com\/wp-content\/uploads\/2019\/06\/Copie-de-IMG_0158-999x1024.jpg\" alt=\"\" data-id=\"1024\" data-link=\"http:\/\/korejouplongee.com\/copie-de-img_0158\" class=\"wp-image-1024\" srcset=\"https:\/\/korejouplongee.com\/wp-content\/uploads\/2019\/06\/Copie-de-IMG_0158-999x1024.jpg 999w, https:\/\/korejouplongee.com\/wp-content\/uploads\/2019\/06\/Copie-de-IMG_0158-293x300.jpg 293w, https:\/\/korejouplongee.com\/wp-content\/uploads\/2019\/06\/Copie-de-IMG_0158-768x787.jpg 768w, https:\/\/korejouplongee.com\/wp-content\/uploads\/2019\/06\/Copie-de-IMG_0158-1024x1049.jpg 1024w, https:\/\/korejouplongee.com\/wp-content\/uploads\/2019\/06\/Copie-de-IMG_0158-1054x1080.jpg 1054w, https:\/\/korejouplongee.com\/wp-content\/uploads\/2019\/06\/Copie-de-IMG_0158.jpg 1666w\" sizes=\"(max-width: 999px) 100vw, 999px\" \/><\/a><\/figure><\/li><\/ul>\n\n\n\n<div style=\"height:100px\" aria-hidden=\"true\" class=\"wp-block-spacer\"><\/div>\n\n\n\n<ul class=\"wp-block-gallery aligncenter columns-5\"><li class=\"blocks-gallery-item\"><figure><img loading=\"lazy\" width=\"33\" height=\"45\" src=\"http:\/\/korejouplongee.com\/wp-content\/uploads\/2019\/06\/logo-padi.jpg\" alt=\"\" data-id=\"1068\" data-link=\"http:\/\/korejouplongee.com\/logo-padi\" class=\"wp-image-1068\"\/><\/figure><\/li><li class=\"blocks-gallery-item\"><figure><img loading=\"lazy\" width=\"60\" height=\"45\" src=\"http:\/\/korejouplongee.com\/wp-content\/uploads\/2019\/06\/logo-ffessm.jpg\" alt=\"\" data-id=\"1067\" data-link=\"http:\/\/korejouplongee.com\/logo-ffessm\" class=\"wp-image-1067\"\/><\/figure><\/li><li class=\"blocks-gallery-item\"><figure><img loading=\"lazy\" width=\"99\" height=\"45\" src=\"http:\/\/korejouplongee.com\/wp-content\/uploads\/2019\/06\/logo-cmas.jpg\" alt=\"\" data-id=\"1066\" data-link=\"http:\/\/korejouplongee.com\/logo-cmas\" class=\"wp-image-1066\"\/><\/figure><\/li><li class=\"blocks-gallery-item\"><figure><img loading=\"lazy\" width=\"85\" height=\"45\" src=\"http:\/\/korejouplongee.com\/wp-content\/uploads\/2019\/06\/logo-aqua-lung.jpg\" alt=\"\" data-id=\"1065\" data-link=\"http:\/\/korejouplongee.com\/logo-aqua-lung\" class=\"wp-image-1065\"\/><\/figure><\/li><li class=\"blocks-gallery-item\"><figure><img loading=\"lazy\" width=\"120\" height=\"45\" src=\"http:\/\/korejouplongee.com\/wp-content\/uploads\/2019\/06\/logo-ANMP.jpg\" alt=\"\" data-id=\"1064\" data-link=\"http:\/\/korejouplongee.com\/logo-anmp\" class=\"wp-image-1064\"\/><\/figure><\/li><\/ul>\n","protected":false},"excerpt":{"rendered":"<p>Rando phoque La randonn\u00e9e palm\u00e9e, \u00e9galement d\u00e9nomm\u00e9e \u00ab&nbsp;snorkeling&nbsp;\u00bb, se d\u00e9fini comme une promenade de surface en milieu naturel, muni de palmes, masque et tuba (PMT) et d\u2019une combinaison de plong\u00e9e&nbsp;La randonn\u00e9e palm\u00e9e, est une activit\u00e9 accessible \u00e0 tout le monde (\u00e0 partir de 8 ans), dont l\u2019objectif principal est la d\u00e9couverte et l\u2019observation du milieu&hellip; <br \/> <a class=\"read-more\" href=\"https:\/\/korejouplongee.com\/index.php\/randonnee-palmee\">Lire la suite<\/a><\/p>\n","protected":false},"author":1,"featured_media":1130,"parent":0,"menu_order":0,"comment_status":"closed","ping_status":"closed","template":"","meta":[],"_links":{"self":[{"href":"https:\/\/korejouplongee.com\/index.php\/wp-json\/wp\/v2\/pages\/49"}],"collection":[{"href":"https:\/\/korejouplongee.com\/index.php\/wp-json\/wp\/v2\/pages"}],"about":[{"href":"https:\/\/korejouplongee.com\/index.php\/wp-json\/wp\/v2\/types\/page"}],"author":[{"embeddable":true,"href":"https:\/\/korejouplongee.com\/index.php\/wp-json\/wp\/v2\/users\/1"}],"replies":[{"embeddable":true,"href":"https:\/\/korejouplongee.com\/index.php\/wp-json\/wp\/v2\/comments?post=49"}],"version-history":[{"count":26,"href":"https:\/\/korejouplongee.com\/index.php\/wp-json\/wp\/v2\/pages\/49\/revisions"}],"predecessor-version":[{"id":1237,"href":"https:\/\/korejouplongee.com\/index.php\/wp-json\/wp\/v2\/pages\/49\/revisions\/1237"}],"wp:featuredmedia":[{"embeddable":true,"href":"https:\/\/korejouplongee.com\/index.php\/wp-json\/wp\/v2\/media\/1130"}],"wp:attachment":[{"href":"https:\/\/korejouplongee.com\/index.php\/wp-json\/wp\/v2\/media?parent=49"}],"curies":[{"name":"wp","href":"https:\/\/api.w.org\/{rel}","templated":true}]}}