{"id":47,"date":"2019-01-21T11:59:21","date_gmt":"2019-01-21T10:59:21","guid":{"rendered":"http:\/\/korejouplongee.com\/?page_id=47"},"modified":"2019-12-15T15:18:40","modified_gmt":"2019-12-15T14:18:40","slug":"les-explorations","status":"publish","type":"page","link":"https:\/\/korejouplongee.com\/index.php\/les-explorations","title":{"rendered":"Les explorations"},"content":{"rendered":"\n<div class=\"wp-block-image\"><figure class=\"aligncenter is-resized\"><a href=\"http:\/\/korejouplongee.com\/wp-content\/uploads\/2019\/04\/homard2.jpg\"><img loading=\"lazy\" src=\"http:\/\/korejouplongee.com\/wp-content\/uploads\/2019\/06\/homard2.jpg\" alt=\"\" class=\"wp-image-1091\" width=\"444\" height=\"296\" srcset=\"https:\/\/korejouplongee.com\/wp-content\/uploads\/2019\/06\/homard2.jpg 887w, https:\/\/korejouplongee.com\/wp-content\/uploads\/2019\/06\/homard2-300x200.jpg 300w, https:\/\/korejouplongee.com\/wp-content\/uploads\/2019\/06\/homard2-768x512.jpg 768w\" sizes=\"(max-width: 444px) 100vw, 444px\" \/><\/a><\/figure><\/div>\n\n\n\n<div style=\"height:100px\" aria-hidden=\"true\" class=\"wp-block-spacer\"><\/div>\n\n\n\n<p style=\"text-align:left\">Le centre Korejou Plong\u00e9e est ouvert de f\u00e9vrier \u00e0 novembre. Nous vous proposons deux sortie par jour une le matin et une l\u2019apr\u00e8s midi, les heures de rendez-vous sont confirm\u00e9es lors de la r\u00e9servation.<br>L&rsquo;Aber Beno\u00eet \u00e0 tout pour s\u00e9duire les plongeurs aussi bien d\u00e9butants que confirm\u00e9s.<\/p>\n\n\n\n<p>Notre situation g\u00e9ographique, nous permet de se rendre rapidement sur les lieux de plong\u00e9e.<br>Avec plus de 25 sites de plong\u00e9e r\u00e9pertori\u00e9s, vous pourrez d\u00e9couvrir une diversit\u00e9 de relief, de faune et de flore sous-marine.<\/p>\n\n\n\n<p>Nous proposons des plong\u00e9es \u00e0 th\u00e8mes :<\/p>\n\n\n\n<p style=\"text-align:left\"><strong>\u2022Plong\u00e9e bio<br>\u2022Plong\u00e9e \u00e9pave<br>\u2022Plong\u00e9e profonde<br>\u2022Plong\u00e9e de nuit<br>\u2022Plong\u00e9e d\u00e9rivante<\/strong><\/p>\n\n\n\n<div style=\"height:100px\" aria-hidden=\"true\" class=\"wp-block-spacer\"><\/div>\n\n\n\n<ul class=\"wp-block-gallery aligncenter columns-2 is-cropped\"><li class=\"blocks-gallery-item\"><figure><a href=\"http:\/\/korejouplongee.com\/wp-content\/uploads\/2019\/06\/sans-titre-1024x683.png\"><img loading=\"lazy\" width=\"1024\" height=\"683\" src=\"http:\/\/korejouplongee.com\/wp-content\/uploads\/2019\/06\/sans-titre-1024x683.png\" alt=\"\" data-id=\"1143\" data-link=\"http:\/\/korejouplongee.com\/sans-titre\" class=\"wp-image-1143\" srcset=\"https:\/\/korejouplongee.com\/wp-content\/uploads\/2019\/06\/sans-titre-1024x683.png 1024w, https:\/\/korejouplongee.com\/wp-content\/uploads\/2019\/06\/sans-titre-300x200.png 300w, https:\/\/korejouplongee.com\/wp-content\/uploads\/2019\/06\/sans-titre-768x512.png 768w, https:\/\/korejouplongee.com\/wp-content\/uploads\/2019\/06\/sans-titre.png 1280w\" sizes=\"(max-width: 1024px) 100vw, 1024px\" \/><\/a><\/figure><\/li><li class=\"blocks-gallery-item\"><figure><a href=\"http:\/\/korejouplongee.com\/wp-content\/uploads\/2019\/06\/plong\u00e9e-explo-1024x680.jpg\"><img loading=\"lazy\" width=\"1024\" height=\"680\" src=\"http:\/\/korejouplongee.com\/wp-content\/uploads\/2019\/06\/plong\u00e9e-explo-1024x680.jpg\" alt=\"\" data-id=\"1140\" data-link=\"http:\/\/korejouplongee.com\/plongee-explo\" class=\"wp-image-1140\" srcset=\"https:\/\/korejouplongee.com\/wp-content\/uploads\/2019\/06\/plong\u00e9e-explo-1024x680.jpg 1024w, https:\/\/korejouplongee.com\/wp-content\/uploads\/2019\/06\/plong\u00e9e-explo-300x199.jpg 300w, https:\/\/korejouplongee.com\/wp-content\/uploads\/2019\/06\/plong\u00e9e-explo-768x510.jpg 768w, https:\/\/korejouplongee.com\/wp-content\/uploads\/2019\/06\/plong\u00e9e-explo-1626x1080.jpg 1626w\" sizes=\"(max-width: 1024px) 100vw, 1024px\" \/><\/a><\/figure><\/li><li class=\"blocks-gallery-item\"><figure><a href=\"http:\/\/korejouplongee.com\/wp-content\/uploads\/2019\/06\/Photo-044-1024x680.jpg\"><img loading=\"lazy\" width=\"1024\" height=\"680\" src=\"http:\/\/korejouplongee.com\/wp-content\/uploads\/2019\/06\/Photo-044-1024x680.jpg\" alt=\"\" data-id=\"1135\" data-link=\"http:\/\/korejouplongee.com\/photo-044\" class=\"wp-image-1135\" srcset=\"https:\/\/korejouplongee.com\/wp-content\/uploads\/2019\/06\/Photo-044-1024x680.jpg 1024w, https:\/\/korejouplongee.com\/wp-content\/uploads\/2019\/06\/Photo-044-300x199.jpg 300w, https:\/\/korejouplongee.com\/wp-content\/uploads\/2019\/06\/Photo-044-768x510.jpg 768w, https:\/\/korejouplongee.com\/wp-content\/uploads\/2019\/06\/Photo-044-1626x1080.jpg 1626w\" sizes=\"(max-width: 1024px) 100vw, 1024px\" \/><\/a><\/figure><\/li><li class=\"blocks-gallery-item\"><figure><a href=\"http:\/\/korejouplongee.com\/wp-content\/uploads\/2019\/06\/touffe2.jpg\"><img loading=\"lazy\" width=\"887\" height=\"591\" src=\"http:\/\/korejouplongee.com\/wp-content\/uploads\/2019\/06\/touffe2.jpg\" alt=\"\" data-id=\"1124\" data-link=\"http:\/\/korejouplongee.com\/touffe2\" class=\"wp-image-1124\" srcset=\"https:\/\/korejouplongee.com\/wp-content\/uploads\/2019\/06\/touffe2.jpg 887w, https:\/\/korejouplongee.com\/wp-content\/uploads\/2019\/06\/touffe2-300x200.jpg 300w, https:\/\/korejouplongee.com\/wp-content\/uploads\/2019\/06\/touffe2-768x512.jpg 768w\" sizes=\"(max-width: 887px) 100vw, 887px\" \/><\/a><\/figure><\/li><li class=\"blocks-gallery-item\"><figure><a href=\"http:\/\/korejouplongee.com\/wp-content\/uploads\/2019\/06\/Photo-015-1024x680.jpg\"><img loading=\"lazy\" width=\"1024\" height=\"680\" src=\"http:\/\/korejouplongee.com\/wp-content\/uploads\/2019\/06\/Photo-015-1024x680.jpg\" alt=\"\" data-id=\"1134\" data-link=\"http:\/\/korejouplongee.com\/photo-015\" class=\"wp-image-1134\" srcset=\"https:\/\/korejouplongee.com\/wp-content\/uploads\/2019\/06\/Photo-015-1024x680.jpg 1024w, https:\/\/korejouplongee.com\/wp-content\/uploads\/2019\/06\/Photo-015-300x199.jpg 300w, https:\/\/korejouplongee.com\/wp-content\/uploads\/2019\/06\/Photo-015-768x510.jpg 768w, https:\/\/korejouplongee.com\/wp-content\/uploads\/2019\/06\/Photo-015-1626x1080.jpg 1626w\" sizes=\"(max-width: 1024px) 100vw, 1024px\" \/><\/a><\/figure><\/li><li class=\"blocks-gallery-item\"><figure><a href=\"http:\/\/korejouplongee.com\/wp-content\/uploads\/2019\/06\/p2.jpg\"><img loading=\"lazy\" width=\"591\" height=\"887\" src=\"http:\/\/korejouplongee.com\/wp-content\/uploads\/2019\/06\/p2.jpg\" alt=\"\" data-id=\"1107\" data-link=\"http:\/\/korejouplongee.com\/p2\" class=\"wp-image-1107\" srcset=\"https:\/\/korejouplongee.com\/wp-content\/uploads\/2019\/06\/p2.jpg 591w, https:\/\/korejouplongee.com\/wp-content\/uploads\/2019\/06\/p2-200x300.jpg 200w\" sizes=\"(max-width: 591px) 100vw, 591px\" \/><\/a><\/figure><\/li><li class=\"blocks-gallery-item\"><figure><a href=\"http:\/\/korejouplongee.com\/wp-content\/uploads\/2019\/06\/objet.jpg\"><img loading=\"lazy\" width=\"591\" height=\"887\" src=\"http:\/\/korejouplongee.com\/wp-content\/uploads\/2019\/06\/objet.jpg\" alt=\"\" data-id=\"1106\" data-link=\"http:\/\/korejouplongee.com\/objet\" class=\"wp-image-1106\" srcset=\"https:\/\/korejouplongee.com\/wp-content\/uploads\/2019\/06\/objet.jpg 591w, https:\/\/korejouplongee.com\/wp-content\/uploads\/2019\/06\/objet-200x300.jpg 200w\" sizes=\"(max-width: 591px) 100vw, 591px\" \/><\/a><\/figure><\/li><li class=\"blocks-gallery-item\"><figure><a href=\"http:\/\/korejouplongee.com\/wp-content\/uploads\/2019\/06\/lompe2.jpg\"><img loading=\"lazy\" width=\"887\" height=\"591\" src=\"http:\/\/korejouplongee.com\/wp-content\/uploads\/2019\/06\/lompe2.jpg\" alt=\"\" data-id=\"1101\" data-link=\"http:\/\/korejouplongee.com\/lompe2\" class=\"wp-image-1101\" srcset=\"https:\/\/korejouplongee.com\/wp-content\/uploads\/2019\/06\/lompe2.jpg 887w, https:\/\/korejouplongee.com\/wp-content\/uploads\/2019\/06\/lompe2-300x200.jpg 300w, https:\/\/korejouplongee.com\/wp-content\/uploads\/2019\/06\/lompe2-768x512.jpg 768w\" sizes=\"(max-width: 887px) 100vw, 887px\" \/><\/a><\/figure><\/li><li class=\"blocks-gallery-item\"><figure><a href=\"http:\/\/korejouplongee.com\/wp-content\/uploads\/2019\/06\/lompe.jpg\"><img loading=\"lazy\" width=\"883\" height=\"591\" src=\"http:\/\/korejouplongee.com\/wp-content\/uploads\/2019\/06\/lompe.jpg\" alt=\"\" data-id=\"1100\" data-link=\"http:\/\/korejouplongee.com\/lompe\" class=\"wp-image-1100\" srcset=\"https:\/\/korejouplongee.com\/wp-content\/uploads\/2019\/06\/lompe.jpg 883w, https:\/\/korejouplongee.com\/wp-content\/uploads\/2019\/06\/lompe-300x201.jpg 300w, https:\/\/korejouplongee.com\/wp-content\/uploads\/2019\/06\/lompe-768x514.jpg 768w\" sizes=\"(max-width: 883px) 100vw, 883px\" \/><\/a><\/figure><\/li><li class=\"blocks-gallery-item\"><figure><a href=\"http:\/\/korejouplongee.com\/wp-content\/uploads\/2019\/06\/homard4.jpg\"><img loading=\"lazy\" width=\"887\" height=\"591\" src=\"http:\/\/korejouplongee.com\/wp-content\/uploads\/2019\/06\/homard4.jpg\" alt=\"\" data-id=\"1093\" data-link=\"http:\/\/korejouplongee.com\/homard4\" class=\"wp-image-1093\" srcset=\"https:\/\/korejouplongee.com\/wp-content\/uploads\/2019\/06\/homard4.jpg 887w, https:\/\/korejouplongee.com\/wp-content\/uploads\/2019\/06\/homard4-300x200.jpg 300w, https:\/\/korejouplongee.com\/wp-content\/uploads\/2019\/06\/homard4-768x512.jpg 768w\" sizes=\"(max-width: 887px) 100vw, 887px\" \/><\/a><\/figure><\/li><li class=\"blocks-gallery-item\"><figure><a href=\"http:\/\/korejouplongee.com\/wp-content\/uploads\/2019\/06\/homard3.jpg\"><img loading=\"lazy\" width=\"887\" height=\"591\" src=\"http:\/\/korejouplongee.com\/wp-content\/uploads\/2019\/06\/homard3.jpg\" alt=\"\" data-id=\"1092\" data-link=\"http:\/\/korejouplongee.com\/homard3\" class=\"wp-image-1092\" srcset=\"https:\/\/korejouplongee.com\/wp-content\/uploads\/2019\/06\/homard3.jpg 887w, https:\/\/korejouplongee.com\/wp-content\/uploads\/2019\/06\/homard3-300x200.jpg 300w, https:\/\/korejouplongee.com\/wp-content\/uploads\/2019\/06\/homard3-768x512.jpg 768w\" sizes=\"(max-width: 887px) 100vw, 887px\" \/><\/a><\/figure><\/li><li class=\"blocks-gallery-item\"><figure><a href=\"http:\/\/korejouplongee.com\/wp-content\/uploads\/2019\/06\/envol.jpg\"><img loading=\"lazy\" width=\"591\" height=\"838\" src=\"http:\/\/korejouplongee.com\/wp-content\/uploads\/2019\/06\/envol.jpg\" alt=\"\" data-id=\"1085\" data-link=\"http:\/\/korejouplongee.com\/envol\" class=\"wp-image-1085\" srcset=\"https:\/\/korejouplongee.com\/wp-content\/uploads\/2019\/06\/envol.jpg 591w, https:\/\/korejouplongee.com\/wp-content\/uploads\/2019\/06\/envol-212x300.jpg 212w\" sizes=\"(max-width: 591px) 100vw, 591px\" \/><\/a><\/figure><\/li><li class=\"blocks-gallery-item\"><figure><a href=\"http:\/\/korejouplongee.com\/wp-content\/uploads\/2019\/06\/bbr.jpg\"><img loading=\"lazy\" width=\"888\" height=\"591\" src=\"http:\/\/korejouplongee.com\/wp-content\/uploads\/2019\/06\/bbr.jpg\" alt=\"\" data-id=\"1077\" data-link=\"http:\/\/korejouplongee.com\/bbr\" class=\"wp-image-1077\" srcset=\"https:\/\/korejouplongee.com\/wp-content\/uploads\/2019\/06\/bbr.jpg 888w, https:\/\/korejouplongee.com\/wp-content\/uploads\/2019\/06\/bbr-300x200.jpg 300w, https:\/\/korejouplongee.com\/wp-content\/uploads\/2019\/06\/bbr-768x511.jpg 768w\" sizes=\"(max-width: 888px) 100vw, 888px\" \/><\/a><\/figure><\/li><li class=\"blocks-gallery-item\"><figure><a href=\"http:\/\/korejouplongee.com\/wp-content\/uploads\/2019\/06\/aplysie2.jpg\"><img loading=\"lazy\" width=\"887\" height=\"591\" src=\"http:\/\/korejouplongee.com\/wp-content\/uploads\/2019\/06\/aplysie2.jpg\" alt=\"\" data-id=\"1072\" data-link=\"http:\/\/korejouplongee.com\/aplysie2\" class=\"wp-image-1072\" srcset=\"https:\/\/korejouplongee.com\/wp-content\/uploads\/2019\/06\/aplysie2.jpg 887w, https:\/\/korejouplongee.com\/wp-content\/uploads\/2019\/06\/aplysie2-300x200.jpg 300w, https:\/\/korejouplongee.com\/wp-content\/uploads\/2019\/06\/aplysie2-768x512.jpg 768w\" sizes=\"(max-width: 887px) 100vw, 887px\" \/><\/a><\/figure><\/li><li class=\"blocks-gallery-item\"><figure><a href=\"http:\/\/korejouplongee.com\/wp-content\/uploads\/2019\/06\/aplysie.jpg\"><img loading=\"lazy\" width=\"887\" height=\"591\" src=\"http:\/\/korejouplongee.com\/wp-content\/uploads\/2019\/06\/aplysie.jpg\" alt=\"\" data-id=\"1071\" data-link=\"http:\/\/korejouplongee.com\/aplysie\" class=\"wp-image-1071\" srcset=\"https:\/\/korejouplongee.com\/wp-content\/uploads\/2019\/06\/aplysie.jpg 887w, https:\/\/korejouplongee.com\/wp-content\/uploads\/2019\/06\/aplysie-300x200.jpg 300w, https:\/\/korejouplongee.com\/wp-content\/uploads\/2019\/06\/aplysie-768x512.jpg 768w\" sizes=\"(max-width: 887px) 100vw, 887px\" \/><\/a><\/figure><\/li><li class=\"blocks-gallery-item\"><figure><a href=\"http:\/\/korejouplongee.com\/wp-content\/uploads\/2019\/06\/algue.jpg\"><img loading=\"lazy\" width=\"887\" height=\"591\" src=\"http:\/\/korejouplongee.com\/wp-content\/uploads\/2019\/06\/algue.jpg\" alt=\"\" data-id=\"1070\" data-link=\"http:\/\/korejouplongee.com\/algue\" class=\"wp-image-1070\" srcset=\"https:\/\/korejouplongee.com\/wp-content\/uploads\/2019\/06\/algue.jpg 887w, https:\/\/korejouplongee.com\/wp-content\/uploads\/2019\/06\/algue-300x200.jpg 300w, https:\/\/korejouplongee.com\/wp-content\/uploads\/2019\/06\/algue-768x512.jpg 768w\" sizes=\"(max-width: 887px) 100vw, 887px\" \/><\/a><\/figure><\/li><li class=\"blocks-gallery-item\"><figure><a href=\"http:\/\/korejouplongee.com\/wp-content\/uploads\/2019\/06\/IMG_1978.jpg\"><img loading=\"lazy\" width=\"360\" height=\"480\" src=\"http:\/\/korejouplongee.com\/wp-content\/uploads\/2019\/06\/IMG_1978.jpg\" alt=\"\" data-id=\"1051\" data-link=\"http:\/\/korejouplongee.com\/img_1978\" class=\"wp-image-1051\" srcset=\"https:\/\/korejouplongee.com\/wp-content\/uploads\/2019\/06\/IMG_1978.jpg 360w, https:\/\/korejouplongee.com\/wp-content\/uploads\/2019\/06\/IMG_1978-225x300.jpg 225w\" sizes=\"(max-width: 360px) 100vw, 360px\" \/><\/a><\/figure><\/li><li class=\"blocks-gallery-item\"><figure><a href=\"http:\/\/korejouplongee.com\/wp-content\/uploads\/2019\/06\/Ile-Vierge.Havauxweb.jpg\"><img loading=\"lazy\" width=\"750\" height=\"500\" src=\"http:\/\/korejouplongee.com\/wp-content\/uploads\/2019\/06\/Ile-Vierge.Havauxweb.jpg\" alt=\"\" data-id=\"1043\" data-link=\"http:\/\/korejouplongee.com\/ile-vierge-havauxweb\" class=\"wp-image-1043\" srcset=\"https:\/\/korejouplongee.com\/wp-content\/uploads\/2019\/06\/Ile-Vierge.Havauxweb.jpg 750w, https:\/\/korejouplongee.com\/wp-content\/uploads\/2019\/06\/Ile-Vierge.Havauxweb-300x200.jpg 300w\" sizes=\"(max-width: 750px) 100vw, 750px\" \/><\/a><\/figure><\/li><li class=\"blocks-gallery-item\"><figure><a href=\"http:\/\/korejouplongee.com\/wp-content\/uploads\/2019\/06\/herbierw.jpg\"><img loading=\"lazy\" width=\"750\" height=\"489\" src=\"http:\/\/korejouplongee.com\/wp-content\/uploads\/2019\/06\/herbierw.jpg\" alt=\"\" data-id=\"1041\" data-link=\"http:\/\/korejouplongee.com\/herbierw\" class=\"wp-image-1041\" srcset=\"https:\/\/korejouplongee.com\/wp-content\/uploads\/2019\/06\/herbierw.jpg 750w, https:\/\/korejouplongee.com\/wp-content\/uploads\/2019\/06\/herbierw-300x196.jpg 300w\" sizes=\"(max-width: 750px) 100vw, 750px\" \/><\/a><\/figure><\/li><li class=\"blocks-gallery-item\"><figure><a href=\"http:\/\/korejouplongee.com\/wp-content\/uploads\/2019\/06\/grd-coureurjyh-1024x618.jpg\"><img loading=\"lazy\" width=\"1024\" height=\"618\" src=\"http:\/\/korejouplongee.com\/wp-content\/uploads\/2019\/06\/grd-coureurjyh-1024x618.jpg\" alt=\"\" data-id=\"1040\" data-link=\"http:\/\/korejouplongee.com\/grd-coureurjyh\" class=\"wp-image-1040\" srcset=\"https:\/\/korejouplongee.com\/wp-content\/uploads\/2019\/06\/grd-coureurjyh-1024x618.jpg 1024w, https:\/\/korejouplongee.com\/wp-content\/uploads\/2019\/06\/grd-coureurjyh-300x181.jpg 300w, https:\/\/korejouplongee.com\/wp-content\/uploads\/2019\/06\/grd-coureurjyh-768x464.jpg 768w, https:\/\/korejouplongee.com\/wp-content\/uploads\/2019\/06\/grd-coureurjyh.jpg 1181w\" sizes=\"(max-width: 1024px) 100vw, 1024px\" \/><\/a><\/figure><\/li><li class=\"blocks-gallery-item\"><figure><a href=\"http:\/\/korejouplongee.com\/wp-content\/uploads\/2019\/06\/DSCN3826-1024x768.jpg\"><img loading=\"lazy\" width=\"1024\" height=\"768\" src=\"http:\/\/korejouplongee.com\/wp-content\/uploads\/2019\/06\/DSCN3826-1024x768.jpg\" alt=\"\" data-id=\"1035\" data-link=\"http:\/\/korejouplongee.com\/dscn3826\" class=\"wp-image-1035\" srcset=\"https:\/\/korejouplongee.com\/wp-content\/uploads\/2019\/06\/DSCN3826-1024x768.jpg 1024w, https:\/\/korejouplongee.com\/wp-content\/uploads\/2019\/06\/DSCN3826-300x225.jpg 300w, https:\/\/korejouplongee.com\/wp-content\/uploads\/2019\/06\/DSCN3826-768x576.jpg 768w, https:\/\/korejouplongee.com\/wp-content\/uploads\/2019\/06\/DSCN3826-1440x1080.jpg 1440w, https:\/\/korejouplongee.com\/wp-content\/uploads\/2019\/06\/DSCN3826.jpg 2048w\" sizes=\"(max-width: 1024px) 100vw, 1024px\" \/><\/a><\/figure><\/li><li class=\"blocks-gallery-item\"><figure><a href=\"http:\/\/korejouplongee.com\/wp-content\/uploads\/2019\/06\/DSCN0116-1024x768.jpg\"><img loading=\"lazy\" width=\"1024\" height=\"768\" src=\"http:\/\/korejouplongee.com\/wp-content\/uploads\/2019\/06\/DSCN0116-1024x768.jpg\" alt=\"\" data-id=\"1031\" data-link=\"http:\/\/korejouplongee.com\/dscn0116\" class=\"wp-image-1031\" srcset=\"https:\/\/korejouplongee.com\/wp-content\/uploads\/2019\/06\/DSCN0116-1024x768.jpg 1024w, https:\/\/korejouplongee.com\/wp-content\/uploads\/2019\/06\/DSCN0116-300x225.jpg 300w, https:\/\/korejouplongee.com\/wp-content\/uploads\/2019\/06\/DSCN0116-768x576.jpg 768w, https:\/\/korejouplongee.com\/wp-content\/uploads\/2019\/06\/DSCN0116-1440x1080.jpg 1440w, https:\/\/korejouplongee.com\/wp-content\/uploads\/2019\/06\/DSCN0116.jpg 2048w\" sizes=\"(max-width: 1024px) 100vw, 1024px\" \/><\/a><\/figure><\/li><li class=\"blocks-gallery-item\"><figure><a href=\"http:\/\/korejouplongee.com\/wp-content\/uploads\/2019\/06\/copie-de-bouquet-p-p-jack-no.jpg\"><img loading=\"lazy\" width=\"1000\" height=\"741\" src=\"http:\/\/korejouplongee.com\/wp-content\/uploads\/2019\/06\/copie-de-bouquet-p-p-jack-no.jpg\" alt=\"\" data-id=\"1022\" data-link=\"http:\/\/korejouplongee.com\/copie-de-bouquet-p-p-jack-no\" class=\"wp-image-1022\" srcset=\"https:\/\/korejouplongee.com\/wp-content\/uploads\/2019\/06\/copie-de-bouquet-p-p-jack-no.jpg 1000w, https:\/\/korejouplongee.com\/wp-content\/uploads\/2019\/06\/copie-de-bouquet-p-p-jack-no-300x222.jpg 300w, https:\/\/korejouplongee.com\/wp-content\/uploads\/2019\/06\/copie-de-bouquet-p-p-jack-no-768x569.jpg 768w\" sizes=\"(max-width: 1000px) 100vw, 1000px\" \/><\/a><\/figure><\/li><li class=\"blocks-gallery-item\"><figure><a href=\"http:\/\/korejouplongee.com\/wp-content\/uploads\/2019\/06\/copie-de-deux-an-mones-blanches.jpg\"><img loading=\"lazy\" width=\"567\" height=\"384\" src=\"http:\/\/korejouplongee.com\/wp-content\/uploads\/2019\/06\/copie-de-deux-an-mones-blanches.jpg\" alt=\"\" data-id=\"1023\" data-link=\"http:\/\/korejouplongee.com\/copie-de-deux-an-mones-blanches\" class=\"wp-image-1023\" srcset=\"https:\/\/korejouplongee.com\/wp-content\/uploads\/2019\/06\/copie-de-deux-an-mones-blanches.jpg 567w, https:\/\/korejouplongee.com\/wp-content\/uploads\/2019\/06\/copie-de-deux-an-mones-blanches-300x203.jpg 300w\" sizes=\"(max-width: 567px) 100vw, 567px\" \/><\/a><\/figure><\/li><li class=\"blocks-gallery-item\"><figure><a href=\"http:\/\/korejouplongee.com\/wp-content\/uploads\/2019\/06\/autres-mers-et-plages-le-pradet-france-1452600360-16471.jpg\"><img loading=\"lazy\" width=\"550\" height=\"338\" src=\"http:\/\/korejouplongee.com\/wp-content\/uploads\/2019\/06\/autres-mers-et-plages-le-pradet-france-1452600360-16471.jpg\" alt=\"\" data-id=\"1014\" data-link=\"http:\/\/korejouplongee.com\/autres-mers-et-plages-le-pradet-france-1452600360-16471\" class=\"wp-image-1014\" srcset=\"https:\/\/korejouplongee.com\/wp-content\/uploads\/2019\/06\/autres-mers-et-plages-le-pradet-france-1452600360-16471.jpg 550w, https:\/\/korejouplongee.com\/wp-content\/uploads\/2019\/06\/autres-mers-et-plages-le-pradet-france-1452600360-16471-300x184.jpg 300w\" sizes=\"(max-width: 550px) 100vw, 550px\" \/><\/a><\/figure><\/li><li class=\"blocks-gallery-item\"><figure><a href=\"http:\/\/korejouplongee.com\/wp-content\/uploads\/2019\/06\/9-1024x683.png\"><img loading=\"lazy\" width=\"1024\" height=\"683\" src=\"http:\/\/korejouplongee.com\/wp-content\/uploads\/2019\/06\/9-1024x683.png\" alt=\"\" data-id=\"1005\" data-link=\"http:\/\/korejouplongee.com\/9\" class=\"wp-image-1005\" srcset=\"https:\/\/korejouplongee.com\/wp-content\/uploads\/2019\/06\/9-1024x683.png 1024w, https:\/\/korejouplongee.com\/wp-content\/uploads\/2019\/06\/9-300x200.png 300w, https:\/\/korejouplongee.com\/wp-content\/uploads\/2019\/06\/9-768x512.png 768w, https:\/\/korejouplongee.com\/wp-content\/uploads\/2019\/06\/9.png 1280w\" sizes=\"(max-width: 1024px) 100vw, 1024px\" \/><\/a><\/figure><\/li><\/ul>\n","protected":false},"excerpt":{"rendered":"<p>Le centre Korejou Plong\u00e9e est ouvert de f\u00e9vrier \u00e0 novembre. Nous vous proposons deux sortie par jour une le matin et une l\u2019apr\u00e8s midi, les heures de rendez-vous sont confirm\u00e9es lors de la r\u00e9servation.L&rsquo;Aber Beno\u00eet \u00e0 tout pour s\u00e9duire les plongeurs aussi bien d\u00e9butants que confirm\u00e9s. Notre situation g\u00e9ographique, nous permet de se rendre rapidement&hellip; <br \/> <a class=\"read-more\" href=\"https:\/\/korejouplongee.com\/index.php\/les-explorations\">Lire la suite<\/a><\/p>\n","protected":false},"author":1,"featured_media":1035,"parent":0,"menu_order":0,"comment_status":"closed","ping_status":"closed","template":"","meta":[],"_links":{"self":[{"href":"https:\/\/korejouplongee.com\/index.php\/wp-json\/wp\/v2\/pages\/47"}],"collection":[{"href":"https:\/\/korejouplongee.com\/index.php\/wp-json\/wp\/v2\/pages"}],"about":[{"href":"https:\/\/korejouplongee.com\/index.php\/wp-json\/wp\/v2\/types\/page"}],"author":[{"embeddable":true,"href":"https:\/\/korejouplongee.com\/index.php\/wp-json\/wp\/v2\/users\/1"}],"replies":[{"embeddable":true,"href":"https:\/\/korejouplongee.com\/index.php\/wp-json\/wp\/v2\/comments?post=47"}],"version-history":[{"count":25,"href":"https:\/\/korejouplongee.com\/index.php\/wp-json\/wp\/v2\/pages\/47\/revisions"}],"predecessor-version":[{"id":1256,"href":"https:\/\/korejouplongee.com\/index.php\/wp-json\/wp\/v2\/pages\/47\/revisions\/1256"}],"wp:featuredmedia":[{"embeddable":true,"href":"https:\/\/korejouplongee.com\/index.php\/wp-json\/wp\/v2\/media\/1035"}],"wp:attachment":[{"href":"https:\/\/korejouplongee.com\/index.php\/wp-json\/wp\/v2\/media?parent=47"}],"curies":[{"name":"wp","href":"https:\/\/api.w.org\/{rel}","templated":true}]}}