{"id":46,"date":"2019-01-21T11:59:20","date_gmt":"2019-01-21T10:59:20","guid":{"rendered":"http:\/\/korejouplongee.com\/?page_id=46"},"modified":"2019-06-04T15:09:00","modified_gmt":"2019-06-04T13:09:00","slug":"formations","status":"publish","type":"page","link":"https:\/\/korejouplongee.com\/index.php\/formations","title":{"rendered":"Formations"},"content":{"rendered":"\n<div class=\"wp-block-image\"><figure class=\"aligncenter is-resized\"><img loading=\"lazy\" src=\"http:\/\/korejouplongee.com\/wp-content\/uploads\/2019\/06\/cours3.jpg\" alt=\"\" class=\"wp-image-1081\" width=\"296\" height=\"444\" srcset=\"https:\/\/korejouplongee.com\/wp-content\/uploads\/2019\/06\/cours3.jpg 591w, https:\/\/korejouplongee.com\/wp-content\/uploads\/2019\/06\/cours3-200x300.jpg 200w\" sizes=\"(max-width: 296px) 100vw, 296px\" \/><\/figure><\/div>\n\n\n\n<div style=\"height:100px\" aria-hidden=\"true\" class=\"wp-block-spacer\"><\/div>\n\n\n\n<p style=\"text-align:center\">Pour toutes les formations, il vous faut un certificat m\u00e9dical de \u00ab non contre indication \u00e0 la pratique de la plong\u00e9e scaphandre \u00bb de moins de un an et une autorisation parentale pour les mineurs.<\/p>\n\n\n\n<div style=\"height:100px\" aria-hidden=\"true\" class=\"wp-block-spacer\"><\/div>\n\n\n\n<hr class=\"wp-block-separator\"\/>\n\n\n\n<p style=\"text-align:center\"><strong><em>Les formations Fran\u00e7aise<\/em><\/strong><\/p>\n\n\n\n<div style=\"height:100px\" aria-hidden=\"true\" class=\"wp-block-spacer\"><\/div>\n\n\n\n<div class=\"center-flex\"><p style=\"text-align:center;max-width: 350px;\">\u2022&nbsp;<strong>NIVEAU 1<\/strong>&nbsp;: (\u00e0 partir de 12 ans)<br><br>Le niveau 1 vous permettra d\u2019\u00e9voluer dans l\u2019espace m\u00e9dian (0-20m) accompagn\u00e9 d\u2019un guide de palanqu\u00e9e.&nbsp;<br>Pour cela vous apprendrez \u00e0 g\u00e9rer votre \u00e9quipement et \u00e0 ma\u00eetriser les techniques \u00e9l\u00e9mentaire pour \u00e9voluer au sein d\u2019une palanqu\u00e9e.<br>8 plong\u00e9es en mer + cours th\u00e9orique<\/p>\n<p style=\"text-align:center;max-width: 350px;\">\u2022&nbsp;<strong>NIVEAU 2<\/strong>&nbsp;:(\u00e0 partir de 16 ans) <br><br>\nApr\u00e8s avoir appris les techniques et les comportements n\u00e9cessaires, vous pourrez \u00e9voluer en autonomie dans l\u2019espace m\u00e9dian (0-20m) \u00e0 partir de 18 ans. Ce niveau vous permettra \u00e9galement de plong\u00e9e jusqu\u2019\u00e0 40m accompagn\u00e9 d\u2019un guide de palanqu\u00e9e <br> 10 plong\u00e9es en mer + cours th\u00e9orique <\/p>\n<p style=\"text-align:center;max-width: 350px;\">\u2022&nbsp;<strong>NIVEAU 3<\/strong>&nbsp;:(\u00e0 partir de 18 ans) <br><br>\nCette formation vous permettra d\u2019acqu\u00e9rir les comp\u00e9tences n\u00e9cessaires pour \u00e9voluer en autonomie dans l\u2019espace lointain. vous y apprendrez \u00e0 organiser et r\u00e9aliser une plong\u00e9e en toute s\u00e9curit\u00e9. <br> 10 plong\u00e9es en mer + cours th\u00e9orique <\/p>\n<\/div>\n\n\n\n<p><\/p>\n\n\n\n<hr class=\"wp-block-separator\"\/>\n\n\n\n<p style=\"text-align:center\"><em><strong>Les niveaux interm\u00e9diaires<\/strong><\/em><\/p>\n\n\n\n<div style=\"height:100px\" aria-hidden=\"true\" class=\"wp-block-spacer\"><\/div>\n\n\n\n<div class=\"center-flex\"><p style=\"text-align:center;max-width: 350px;\">\u2022&nbsp;<strong>Plongeur autonome \u00e0 20m(PA2)<\/strong>&nbsp;: (\u00e0 partir de 18 ans)<br><br>permet d\u2019\u00e9voluer sans encadrement jusqu&rsquo;\u00e0 20 m\u00e8tres de profondeur avec un ou deux co\u00e9quipiers ayant au minimum le m\u00eame niveau de comp\u00e9tences que vous. Pendant cette formation vous apprendrez notamment \u00e0 assurer non seulement votre propre s\u00e9curit\u00e9 mais aussi celle de vos co\u00e9quipiers.<\/p>\n<p style=\"text-align:center;max-width: 350px;\">\u2022&nbsp;<strong>Plongeur encadr\u00e9 \u00e0 40m (PE3)<\/strong>&nbsp;:(\u00e0 partir de 16 ans) <br><br>\npermet d\u2019\u00e9voluer avec un encadrement entre 20 et 40 m\u00e8tres de profondeur.<\/p>\n<p style=\"text-align:center;max-width: 350px;\">\u2022&nbsp;<strong>Plongeur autonome \u00e0 40m (PA3) <\/strong>&nbsp;:(\u00e0 partir de 18 ans) <br><br>\npermet d\u2019\u00e9voluer sans encadrement jusqu&rsquo;\u00e0 40 m\u00e8tres de profondeur avec un ou deux co\u00e9quipiers ayant au minimum le m\u00eame niveau de comp\u00e9tences que vous. <\/p>\n<\/div>\n\n\n\n<hr class=\"wp-block-separator\"\/>\n\n\n\n<p style=\"text-align:center\"><em><strong>Les formations PADI<\/strong><\/em><\/p>\n\n\n\n<div style=\"height:100px\" aria-hidden=\"true\" class=\"wp-block-spacer\"><\/div>\n\n\n\n<div class=\"center-flex\"><p style=\"text-align:center;max-width: 350px;\">\u2022&nbsp;<strong>SCUBA DIVER<\/strong>&nbsp;: (\u00e0 partir de 15 ans)<br><br>(Junior scuba diver \u00e0 partir de 10 ans transform\u00e9 en scuba diver \u00e0 15 ans)\nVous apprendrez les bases de la plong\u00e9e, du mat\u00e9riel de plong\u00e9e et des techniques n\u00e9cessaires pour pouvoir plong\u00e9e encadr\u00e9 par un instructeur dans la limite des 12 m\u00e8tres.\n<br>\n5 plong\u00e9es + cours th\u00e9orique<\/p>\n<p style=\"text-align:center;max-width: 350px;\">\u2022&nbsp;<strong>OPEN WATER DIVER<\/strong>&nbsp;:(\u00e0 partir de 15 ans) <br><br>\n(Junior open water diver \u00e0 partir de 10 ans transform\u00e9 en open water diver \u00e0 15 ans)\nVous apprendrez les techniques et comportements n\u00e9cessaires pour plong\u00e9e en autonomie avec des plongeurs de m\u00eame niveau dans la limite des 18 m\u00e8tres.\n<br>\n9 plong\u00e9es + cours th\u00e9orique<\/p>\n<p style=\"text-align:center;max-width: 350px;\">\u2022&nbsp;<strong>ADVANCED OPEN WATER DIVER <\/strong>&nbsp;:(\u00e0 partir de 15 ans) <br><br>\n(Junior advanced open water diver \u00e0 partir de 10 ans transform\u00e9 enadvanced open water diver \u00e0 15 ans)\n\nVous continuez \u00e0 vous perfectionner, avec les aventures de votre choix ( orientation, identification des poissons, plong\u00e9e de nuit, plong\u00e9e sur \u00e9pave, plong\u00e9e profonde, plong\u00e9e d\u00e9rivante\u2026). Apres cette formation vous pourrez plonger en autonomie dans la limite des 30 m\u00e8tres.\n<br>\n5 plong\u00e9es + cours th\u00e9orique <\/p>\n<\/div>\n\n\n\n<div style=\"height:100px\" aria-hidden=\"true\" class=\"wp-block-spacer\"><\/div>\n\n\n\n<div class=\"center-flex\"><p style=\"text-align:center;max-width: 350px;\">\u2022&nbsp;<strong>RESCUE DIVER<\/strong>&nbsp;: (\u00e0 partir de 15 ans)<br><br>(Junior rescue diver \u00e0 partir de 12 ans transform\u00e9 enrescue diver \u00e0 15 ans)\n\nLors de la formation rescue vous pr\u00e9pare \u00e0 la pr\u00e9vention et le cas \u00e9ch\u00e9ant \u00e0 la gestion des accidents majeurs et mineurs qui peuvent survenir en plong\u00e9e.\nSur la base des techniques acquises au cours des formations pr\u00e9c\u00e9dentes, ce cours porte maintenant sur la gestion et le contr\u00f4le des probl\u00e8mes courants.\n<br>\n10 s\u00e9ances + cours th\u00e9orique<\/p>\n<p style=\"text-align:center;max-width: 350px;\">\u2022&nbsp;<strong>DIVEMASTER <\/strong>&nbsp;:(\u00e0 partir de 18 ans) <br><br>\nIl faut \u00eatre rescue (ou niveau \u00e9quivalent).\navoir 60 plong\u00e9es enregistr\u00e9es, montrant une exp\u00e9rience en plong\u00e9e profonde et d\u2019orientation.\nC\u2019est le premier niveau professionnel, il vous permet d\u2019encadrer des plongeurs brevet\u00e9s lors des explorations et d\u2019aider les instructeurs lors des formations.\n<br>\n12 plong\u00e9es + cours  th\u00e9orique<\/p>\n<\/div>\n<div style=\"text-align:center\"> cours dispens\u00e9s par Perrine LOSSOUARN n\u00b0952735 <\/div>\n\n\n\n<div style=\"height:100px\" aria-hidden=\"true\" class=\"wp-block-spacer\"><\/div>\n\n\n\n<ul class=\"wp-block-gallery aligncenter columns-5\"><li class=\"blocks-gallery-item\"><figure><img loading=\"lazy\" width=\"33\" height=\"45\" src=\"http:\/\/korejouplongee.com\/wp-content\/uploads\/2019\/06\/logo-padi.jpg\" alt=\"\" data-id=\"1068\" data-link=\"http:\/\/korejouplongee.com\/logo-padi\" class=\"wp-image-1068\"\/><\/figure><\/li><li class=\"blocks-gallery-item\"><figure><img loading=\"lazy\" width=\"60\" height=\"45\" src=\"http:\/\/korejouplongee.com\/wp-content\/uploads\/2019\/06\/logo-ffessm.jpg\" alt=\"\" data-id=\"1067\" data-link=\"http:\/\/korejouplongee.com\/logo-ffessm\" class=\"wp-image-1067\"\/><\/figure><\/li><li class=\"blocks-gallery-item\"><figure><img loading=\"lazy\" width=\"99\" height=\"45\" src=\"http:\/\/korejouplongee.com\/wp-content\/uploads\/2019\/06\/logo-cmas.jpg\" alt=\"\" data-id=\"1066\" data-link=\"http:\/\/korejouplongee.com\/logo-cmas\" class=\"wp-image-1066\"\/><\/figure><\/li><li class=\"blocks-gallery-item\"><figure><img loading=\"lazy\" width=\"85\" height=\"45\" src=\"http:\/\/korejouplongee.com\/wp-content\/uploads\/2019\/06\/logo-aqua-lung.jpg\" alt=\"\" data-id=\"1065\" data-link=\"http:\/\/korejouplongee.com\/logo-aqua-lung\" class=\"wp-image-1065\"\/><\/figure><\/li><li class=\"blocks-gallery-item\"><figure><img loading=\"lazy\" width=\"120\" height=\"45\" src=\"http:\/\/korejouplongee.com\/wp-content\/uploads\/2019\/06\/logo-ANMP.jpg\" alt=\"\" data-id=\"1064\" data-link=\"http:\/\/korejouplongee.com\/logo-anmp\" class=\"wp-image-1064\"\/><\/figure><\/li><\/ul>\n","protected":false},"excerpt":{"rendered":"<p>Pour toutes les formations, il vous faut un certificat m\u00e9dical de \u00ab non contre indication \u00e0 la pratique de la plong\u00e9e scaphandre \u00bb de moins de un an et une autorisation parentale pour les mineurs. Les formations Fran\u00e7aise \u2022&nbsp;NIVEAU 1&nbsp;: (\u00e0 partir de 12 ans) Le niveau 1 vous permettra d\u2019\u00e9voluer dans l\u2019espace m\u00e9dian (0-20m)&hellip; <br \/> <a class=\"read-more\" href=\"https:\/\/korejouplongee.com\/index.php\/formations\">Lire la suite<\/a><\/p>\n","protected":false},"author":1,"featured_media":0,"parent":0,"menu_order":0,"comment_status":"closed","ping_status":"closed","template":"","meta":[],"_links":{"self":[{"href":"https:\/\/korejouplongee.com\/index.php\/wp-json\/wp\/v2\/pages\/46"}],"collection":[{"href":"https:\/\/korejouplongee.com\/index.php\/wp-json\/wp\/v2\/pages"}],"about":[{"href":"https:\/\/korejouplongee.com\/index.php\/wp-json\/wp\/v2\/types\/page"}],"author":[{"embeddable":true,"href":"https:\/\/korejouplongee.com\/index.php\/wp-json\/wp\/v2\/users\/1"}],"replies":[{"embeddable":true,"href":"https:\/\/korejouplongee.com\/index.php\/wp-json\/wp\/v2\/comments?post=46"}],"version-history":[{"count":41,"href":"https:\/\/korejouplongee.com\/index.php\/wp-json\/wp\/v2\/pages\/46\/revisions"}],"predecessor-version":[{"id":1172,"href":"https:\/\/korejouplongee.com\/index.php\/wp-json\/wp\/v2\/pages\/46\/revisions\/1172"}],"wp:attachment":[{"href":"https:\/\/korejouplongee.com\/index.php\/wp-json\/wp\/v2\/media?parent=46"}],"curies":[{"name":"wp","href":"https:\/\/api.w.org\/{rel}","templated":true}]}}