{"id":455,"date":"2019-04-11T17:04:22","date_gmt":"2019-04-11T15:04:22","guid":{"rendered":"http:\/\/korejouplongee.com\/?page_id=455"},"modified":"2019-06-04T15:07:27","modified_gmt":"2019-06-04T13:07:27","slug":"epave-le-t27","status":"publish","type":"page","link":"https:\/\/korejouplongee.com\/index.php\/epave-le-t27","title":{"rendered":"Epave le T27"},"content":{"rendered":"\n<p>\n\nType : torpilleur&nbsp;<br>Nationalit\u00e9 : allemande&nbsp;<br>Largeur :10 m\u00e8tres&nbsp;<br>Longueur : 102 m\u00e8tres&nbsp;<\/p>\n\n\n\n<p><strong>L&rsquo;histoire du navire<\/strong><\/p>\n\n\n\n<p>Le 28 avril 1944 \u00e0 21h30 il quitte Saint Malo pour Brest.<br>Vers 4h du matin le T 27 et le T 24 sont rep\u00e9r\u00e9s par l\u2019Athabakan et l\u2019Ha\u00efdi (des canadiens). Quinze minutes apr\u00e8s le d\u00e9but du combat, l\u2019Athabaskan sombre au large de l\u2019\u00eele Vierge par 87 m\u00e8tres de fond.<br>L\u2019Ha\u00efda lanc\u00e9 \u00e0 la poursuite du T 27, le touche \u00e0 plusieurs reprises. Le T 27 faisant route trop au sud, s\u2019\u00e9choua sur les roches de Kerlouan. L\u2019Ha\u00efda le harcela jusqu\u2019\u00e0 le mettre hors de combat, la passerelle \u00e9tait en feu. Il fallait \u00e9vacuer rapidement. Les hommes se jet\u00e8rent \u00e0 l\u2019eau et nag\u00e8rent vers les roches.<br>Le 30 avril tous les canots de p\u00eache de Kerlouan furent r\u00e9quisitionn\u00e9s pour acheminer armes et mat\u00e9riel militaire \u00e0 terre. Source : \u00ab Les Tr\u00e9sors engloutis de Bretagne de l\u2019\u00eele Vierge \u00e0 Br\u00e9hat \u00bb<br>De : Bernard FOUCAULT<br>Edition : Cristel\n\n<\/p>\n\n\n\n<p><strong>Plong\u00e9e sur le T27<\/strong><\/p>\n\n\n\n<p>Profondeur moyenne : 18 m\u00e8tres<br>Facilement accessible et id\u00e9ale pouer les plongeurs d\u00e9butants (niveau 1). L&rsquo;eau y est claire, et la profondeur autorise des temps de plong\u00e9e sans d\u00e9compression<\/p>\n\n\n\n<div style=\"height:100px\" aria-hidden=\"true\" class=\"wp-block-spacer\"><\/div>\n\n\n\n<ul class=\"wp-block-gallery columns-3 is-cropped\"><li class=\"blocks-gallery-item\"><figure><a href=\"http:\/\/korejouplongee.com\/wp-content\/uploads\/2019\/06\/t27-2.jpg\"><img loading=\"lazy\" width=\"1000\" height=\"763\" src=\"http:\/\/korejouplongee.com\/wp-content\/uploads\/2019\/06\/t27-2.jpg\" alt=\"\" data-id=\"1146\" data-link=\"http:\/\/korejouplongee.com\/t27-2\" class=\"wp-image-1146\" srcset=\"https:\/\/korejouplongee.com\/wp-content\/uploads\/2019\/06\/t27-2.jpg 1000w, https:\/\/korejouplongee.com\/wp-content\/uploads\/2019\/06\/t27-2-300x229.jpg 300w, https:\/\/korejouplongee.com\/wp-content\/uploads\/2019\/06\/t27-2-768x586.jpg 768w\" sizes=\"(max-width: 1000px) 100vw, 1000px\" \/><\/a><\/figure><\/li><li class=\"blocks-gallery-item\"><figure><a href=\"http:\/\/korejouplongee.com\/wp-content\/uploads\/2019\/06\/t27-1.jpg\"><img loading=\"lazy\" width=\"1000\" height=\"804\" src=\"http:\/\/korejouplongee.com\/wp-content\/uploads\/2019\/06\/t27-1.jpg\" alt=\"\" data-id=\"1145\" data-link=\"http:\/\/korejouplongee.com\/t27-1\" class=\"wp-image-1145\" srcset=\"https:\/\/korejouplongee.com\/wp-content\/uploads\/2019\/06\/t27-1.jpg 1000w, https:\/\/korejouplongee.com\/wp-content\/uploads\/2019\/06\/t27-1-300x241.jpg 300w, https:\/\/korejouplongee.com\/wp-content\/uploads\/2019\/06\/t27-1-768x617.jpg 768w\" sizes=\"(max-width: 1000px) 100vw, 1000px\" \/><\/a><\/figure><\/li><li class=\"blocks-gallery-item\"><figure><a href=\"http:\/\/korejouplongee.com\/wp-content\/uploads\/2019\/06\/jef2.jpg\"><img loading=\"lazy\" width=\"591\" height=\"850\" src=\"http:\/\/korejouplongee.com\/wp-content\/uploads\/2019\/06\/jef2.jpg\" alt=\"\" data-id=\"1097\" data-link=\"http:\/\/korejouplongee.com\/jef2\" class=\"wp-image-1097\" srcset=\"https:\/\/korejouplongee.com\/wp-content\/uploads\/2019\/06\/jef2.jpg 591w, https:\/\/korejouplongee.com\/wp-content\/uploads\/2019\/06\/jef2-209x300.jpg 209w\" sizes=\"(max-width: 591px) 100vw, 591px\" \/><\/a><\/figure><\/li><\/ul>\n\n\n\n<div style=\"height:100px\" aria-hidden=\"true\" class=\"wp-block-spacer\"><\/div>\n\n\n\n<p style=\"text-align:center\"> Pour connaitre nos prochaines sorties :\u00a0<a href=\"http:\/\/korejouplongee.com\/index.php\/planning-complet\">Cliquez ICI<\/a><\/p>\n","protected":false},"excerpt":{"rendered":"<p>Type : torpilleur&nbsp;Nationalit\u00e9 : allemande&nbsp;Largeur :10 m\u00e8tres&nbsp;Longueur : 102 m\u00e8tres&nbsp; L&rsquo;histoire du navire Le 28 avril 1944 \u00e0 21h30 il quitte Saint Malo pour Brest.Vers 4h du matin le T 27 et le T 24 sont rep\u00e9r\u00e9s par l\u2019Athabakan et l\u2019Ha\u00efdi (des canadiens). Quinze minutes apr\u00e8s le d\u00e9but du combat, l\u2019Athabaskan sombre au large de&hellip; <br \/> <a class=\"read-more\" href=\"https:\/\/korejouplongee.com\/index.php\/epave-le-t27\">Lire la suite<\/a><\/p>\n","protected":false},"author":1,"featured_media":1145,"parent":0,"menu_order":0,"comment_status":"closed","ping_status":"closed","template":"","meta":[],"_links":{"self":[{"href":"https:\/\/korejouplongee.com\/index.php\/wp-json\/wp\/v2\/pages\/455"}],"collection":[{"href":"https:\/\/korejouplongee.com\/index.php\/wp-json\/wp\/v2\/pages"}],"about":[{"href":"https:\/\/korejouplongee.com\/index.php\/wp-json\/wp\/v2\/types\/page"}],"author":[{"embeddable":true,"href":"https:\/\/korejouplongee.com\/index.php\/wp-json\/wp\/v2\/users\/1"}],"replies":[{"embeddable":true,"href":"https:\/\/korejouplongee.com\/index.php\/wp-json\/wp\/v2\/comments?post=455"}],"version-history":[{"count":9,"href":"https:\/\/korejouplongee.com\/index.php\/wp-json\/wp\/v2\/pages\/455\/revisions"}],"predecessor-version":[{"id":1170,"href":"https:\/\/korejouplongee.com\/index.php\/wp-json\/wp\/v2\/pages\/455\/revisions\/1170"}],"wp:featuredmedia":[{"embeddable":true,"href":"https:\/\/korejouplongee.com\/index.php\/wp-json\/wp\/v2\/media\/1145"}],"wp:attachment":[{"href":"https:\/\/korejouplongee.com\/index.php\/wp-json\/wp\/v2\/media?parent=455"}],"curies":[{"name":"wp","href":"https:\/\/api.w.org\/{rel}","templated":true}]}}