{"id":45,"date":"2019-01-21T11:59:19","date_gmt":"2019-01-21T10:59:19","guid":{"rendered":"http:\/\/korejouplongee.com\/?page_id=45"},"modified":"2019-06-04T15:56:52","modified_gmt":"2019-06-04T13:56:52","slug":"plongee-enfants-a-partir-de-8-ans","status":"publish","type":"page","link":"https:\/\/korejouplongee.com\/index.php\/plongee-enfants-a-partir-de-8-ans","title":{"rendered":"Plong\u00e9e enfants (\u00e0 partir de 8 ans)"},"content":{"rendered":"\n<div class=\"wp-block-media-text alignwide is-stacked-on-mobile\" style=\"grid-template-columns:42% auto\"><figure class=\"wp-block-media-text__media\"><img loading=\"lazy\" width=\"1024\" height=\"768\" src=\"http:\/\/korejouplongee.com\/wp-content\/uploads\/2019\/06\/30-10-070026-1024x768.jpg\" alt=\"\" class=\"wp-image-998\" srcset=\"https:\/\/korejouplongee.com\/wp-content\/uploads\/2019\/06\/30-10-070026-1024x768.jpg 1024w, https:\/\/korejouplongee.com\/wp-content\/uploads\/2019\/06\/30-10-070026-300x225.jpg 300w, https:\/\/korejouplongee.com\/wp-content\/uploads\/2019\/06\/30-10-070026-768x576.jpg 768w, https:\/\/korejouplongee.com\/wp-content\/uploads\/2019\/06\/30-10-070026-1440x1080.jpg 1440w\" sizes=\"(max-width: 1024px) 100vw, 1024px\" \/><\/figure><div class=\"wp-block-media-text__content\">\n<p class=\"has-medium-font-size\"> \u2022&nbsp;<strong>Plong\u00e9e enfants<\/strong><\/p>\n\n\n\n<p><br>&nbsp;La d\u00e9couverte du monde sous marin est accessible \u00e0 partir de 8 ans.&nbsp;<br>le centre dispose de mat\u00e9riel adapt\u00e9 \u00e0 la plong\u00e9e enfants  <\/p>\n<\/div><\/div>\n\n\n\n<div style=\"height:100px\" aria-hidden=\"true\" class=\"wp-block-spacer\"><\/div>\n\n\n\n<div class=\"wp-block-media-text alignwide has-media-on-the-right is-stacked-on-mobile\" style=\"grid-template-columns:auto 42%\"><figure class=\"wp-block-media-text__media\"><img loading=\"lazy\" width=\"800\" height=\"600\" src=\"http:\/\/korejouplongee.com\/wp-content\/uploads\/2019\/06\/enfant.png\" alt=\"\" class=\"wp-image-1039\" srcset=\"https:\/\/korejouplongee.com\/wp-content\/uploads\/2019\/06\/enfant.png 800w, https:\/\/korejouplongee.com\/wp-content\/uploads\/2019\/06\/enfant-300x225.png 300w, https:\/\/korejouplongee.com\/wp-content\/uploads\/2019\/06\/enfant-768x576.png 768w\" sizes=\"(max-width: 800px) 100vw, 800px\" \/><\/figure><div class=\"wp-block-media-text__content\">\n<p class=\"has-medium-font-size\">\u2022 <strong>Bapt\u00eame enfants<\/strong> <\/p>\n\n\n\n<p><br>D\u00e9couverte des fonds sous marin avec un moniteur rien que pour soit. <\/p>\n<\/div><\/div>\n\n\n\n<div style=\"height:100px\" aria-hidden=\"true\" class=\"wp-block-spacer\"><\/div>\n\n\n\n<div class=\"wp-block-media-text alignwide is-stacked-on-mobile\" style=\"grid-template-columns:42% auto\"><figure class=\"wp-block-media-text__media\"><img loading=\"lazy\" width=\"1024\" height=\"681\" src=\"http:\/\/korejouplongee.com\/wp-content\/uploads\/2019\/06\/plong\u00e9e-enfant-1024x681.jpg\" alt=\"\" class=\"wp-image-1139\" srcset=\"https:\/\/korejouplongee.com\/wp-content\/uploads\/2019\/06\/plong\u00e9e-enfant-1024x681.jpg 1024w, https:\/\/korejouplongee.com\/wp-content\/uploads\/2019\/06\/plong\u00e9e-enfant-300x199.jpg 300w, https:\/\/korejouplongee.com\/wp-content\/uploads\/2019\/06\/plong\u00e9e-enfant-768x511.jpg 768w, https:\/\/korejouplongee.com\/wp-content\/uploads\/2019\/06\/plong\u00e9e-enfant-1624x1080.jpg 1624w\" sizes=\"(max-width: 1024px) 100vw, 1024px\" \/><\/figure><div class=\"wp-block-media-text__content\">\n<p class=\"has-medium-font-size\">\u2022 <strong>Formation enfants<\/strong><br><\/p>\n\n\n\n<p><br>Pour toutes les formations il vous faut un certificat m\u00e9dical de \u00ab non contre indication \u00e0 la pratique de la plong\u00e9e en scaphandre \u00bb et une autorisation parentale pour les mineurs.   <\/p>\n<\/div><\/div>\n\n\n\n<div style=\"height:100px\" aria-hidden=\"true\" class=\"wp-block-spacer\"><\/div>\n\n\n\n<p style=\"text-align:left\" class=\"has-medium-font-size\"><strong>Nos formations enfants :<\/strong><\/p>\n\n\n\n<table class=\"wp-block-table aligncenter has-fixed-layout\"><tbody><tr><td> <br><strong>TETARDO<\/strong> <\/td><td> <br><strong>EXPLORATOR<\/strong> <\/td><\/tr><tr><td> <br>&nbsp;&nbsp;Perfectionnement aux techniques de plong\u00e9e dans une ambiance sympathique et ludique.<br>&nbsp;&nbsp;4 plong\u00e9es en bouteilles + cours th\u00e9orique <\/td><td> <br>Ma\u00eetrise des techniques de plong\u00e9e et de s\u00e9curit\u00e9 pour \u00e9voluer en petite palanqu\u00e9es dans d\u2019agr\u00e9able conditions.<br>&nbsp;&nbsp;5 plong\u00e9es en bouteilles + cours th\u00e9oriques <\/td><\/tr><\/tbody><\/table>\n\n\n\n<div style=\"height:100px\" aria-hidden=\"true\" class=\"wp-block-spacer\"><\/div>\n\n\n\n<ul class=\"wp-block-gallery aligncenter columns-5\"><li class=\"blocks-gallery-item\"><figure><img loading=\"lazy\" width=\"33\" height=\"45\" src=\"http:\/\/korejouplongee.com\/wp-content\/uploads\/2019\/06\/logo-padi.jpg\" alt=\"\" data-id=\"1068\" data-link=\"http:\/\/korejouplongee.com\/logo-padi\" class=\"wp-image-1068\"\/><\/figure><\/li><li class=\"blocks-gallery-item\"><figure><img loading=\"lazy\" width=\"60\" height=\"45\" src=\"http:\/\/korejouplongee.com\/wp-content\/uploads\/2019\/06\/logo-ffessm.jpg\" alt=\"\" data-id=\"1067\" data-link=\"http:\/\/korejouplongee.com\/logo-ffessm\" class=\"wp-image-1067\"\/><\/figure><\/li><li class=\"blocks-gallery-item\"><figure><img loading=\"lazy\" width=\"99\" height=\"45\" src=\"http:\/\/korejouplongee.com\/wp-content\/uploads\/2019\/06\/logo-cmas.jpg\" alt=\"\" data-id=\"1066\" data-link=\"http:\/\/korejouplongee.com\/logo-cmas\" class=\"wp-image-1066\"\/><\/figure><\/li><li class=\"blocks-gallery-item\"><figure><img loading=\"lazy\" width=\"85\" height=\"45\" src=\"http:\/\/korejouplongee.com\/wp-content\/uploads\/2019\/06\/logo-aqua-lung.jpg\" alt=\"\" data-id=\"1065\" data-link=\"http:\/\/korejouplongee.com\/logo-aqua-lung\" class=\"wp-image-1065\"\/><\/figure><\/li><li class=\"blocks-gallery-item\"><figure><img loading=\"lazy\" width=\"120\" height=\"45\" src=\"http:\/\/korejouplongee.com\/wp-content\/uploads\/2019\/06\/logo-ANMP.jpg\" alt=\"\" data-id=\"1064\" data-link=\"http:\/\/korejouplongee.com\/logo-anmp\" class=\"wp-image-1064\"\/><\/figure><\/li><\/ul>\n","protected":false},"excerpt":{"rendered":"<p>\u2022&nbsp;Plong\u00e9e enfants &nbsp;La d\u00e9couverte du monde sous marin est accessible \u00e0 partir de 8 ans.&nbsp;le centre dispose de mat\u00e9riel adapt\u00e9 \u00e0 la plong\u00e9e enfants \u2022 Bapt\u00eame enfants D\u00e9couverte des fonds sous marin avec un moniteur rien que pour soit. \u2022 Formation enfants Pour toutes les formations il vous faut un certificat m\u00e9dical de \u00ab non&hellip; <br \/> <a class=\"read-more\" href=\"https:\/\/korejouplongee.com\/index.php\/plongee-enfants-a-partir-de-8-ans\">Lire la suite<\/a><\/p>\n","protected":false},"author":1,"featured_media":0,"parent":0,"menu_order":0,"comment_status":"closed","ping_status":"closed","template":"","meta":[],"_links":{"self":[{"href":"https:\/\/korejouplongee.com\/index.php\/wp-json\/wp\/v2\/pages\/45"}],"collection":[{"href":"https:\/\/korejouplongee.com\/index.php\/wp-json\/wp\/v2\/pages"}],"about":[{"href":"https:\/\/korejouplongee.com\/index.php\/wp-json\/wp\/v2\/types\/page"}],"author":[{"embeddable":true,"href":"https:\/\/korejouplongee.com\/index.php\/wp-json\/wp\/v2\/users\/1"}],"replies":[{"embeddable":true,"href":"https:\/\/korejouplongee.com\/index.php\/wp-json\/wp\/v2\/comments?post=45"}],"version-history":[{"count":36,"href":"https:\/\/korejouplongee.com\/index.php\/wp-json\/wp\/v2\/pages\/45\/revisions"}],"predecessor-version":[{"id":1191,"href":"https:\/\/korejouplongee.com\/index.php\/wp-json\/wp\/v2\/pages\/45\/revisions\/1191"}],"wp:attachment":[{"href":"https:\/\/korejouplongee.com\/index.php\/wp-json\/wp\/v2\/media?parent=45"}],"curies":[{"name":"wp","href":"https:\/\/api.w.org\/{rel}","templated":true}]}}