{"id":446,"date":"2019-04-11T17:02:36","date_gmt":"2019-04-11T15:02:36","guid":{"rendered":"http:\/\/korejouplongee.com\/?page_id=446"},"modified":"2019-06-04T14:19:01","modified_gmt":"2019-06-04T12:19:01","slug":"epaves-le-levenvale","status":"publish","type":"page","link":"https:\/\/korejouplongee.com\/index.php\/epaves-le-levenvale","title":{"rendered":"Epave le Levenvale"},"content":{"rendered":"\n<p>Type du navire : cargo<\/p>\n\n\n\n<p>Date de construction : 1882&nbsp;<br>Dimension&nbsp;: 235. 1 pieds pour une largeur de 32.<\/p>\n\n\n\n<p>2 pieds et un creux de 17 pieds<br>Pavillon : britannique<\/p>\n\n\n\n<p>&nbsp;Le steamer anglais \u00e0 un pont, gr\u00e9\u00e9 en brigantine, de 1266 tonneaux de jauge<\/p>\n\n\n\n<p>brute pour 70 m\u00e8tres de long, propuls\u00e9 par une machine compound \u00e0 2 cylindres, s\u2019est perdu dans la nuit du 19 au 20 septembre 1884 sur Aman Ar Ross. Il transportait une cargaison de 1000 tonneaux de sacs de ciments. A 18 m\u00e8tres de fond, pos\u00e9e bien droit au milieu d\u2019un oc\u00e9an de sable, l\u2019\u00e9pave est remarquablement conserv\u00e9e de la proue \u00e0 la poupe, gr\u00e2ce au ciment qui l\u2019a litt\u00e9ralement p\u00e9trifi\u00e9e. (Ren\u00e9 OGOR)<\/p>\n\n\n\n<p>\n\n&nbsp;Profondeur moyenne : 16 m\u00e8tres<br>&nbsp;Plong\u00e9e facile en l\u2019absence de houle. Accessible \u00e0 partir du niveau 1.\n\n<\/p>\n\n\n\n<div style=\"height:100px\" aria-hidden=\"true\" class=\"wp-block-spacer\"><\/div>\n\n\n\n<p style=\"text-align:center\"> Pour connaitre nos prochaines sorties :\u00a0<a href=\"http:\/\/korejouplongee.com\/index.php\/planning-complet\">Cliquez ICI<\/a><\/p>\n\n\n\n<ul class=\"wp-block-gallery columns-4 is-cropped\"><li class=\"blocks-gallery-item\"><figure><a href=\"http:\/\/korejouplongee.com\/wp-content\/uploads\/2019\/06\/une-pale-de-lh\u00e9lice.jpg\"><img loading=\"lazy\" width=\"667\" height=\"1000\" src=\"http:\/\/korejouplongee.com\/wp-content\/uploads\/2019\/06\/une-pale-de-lh\u00e9lice.jpg\" alt=\"\" data-id=\"1149\" data-link=\"http:\/\/korejouplongee.com\/une-pale-de-lhelice\" class=\"wp-image-1149\" srcset=\"https:\/\/korejouplongee.com\/wp-content\/uploads\/2019\/06\/une-pale-de-lh\u00e9lice.jpg 667w, https:\/\/korejouplongee.com\/wp-content\/uploads\/2019\/06\/une-pale-de-lh\u00e9lice-200x300.jpg 200w\" sizes=\"(max-width: 667px) 100vw, 667px\" \/><\/a><\/figure><\/li><li class=\"blocks-gallery-item\"><figure><a href=\"http:\/\/korejouplongee.com\/wp-content\/uploads\/2019\/06\/proue2.jpg\"><img loading=\"lazy\" width=\"887\" height=\"591\" src=\"http:\/\/korejouplongee.com\/wp-content\/uploads\/2019\/06\/proue2.jpg\" alt=\"\" data-id=\"1118\" data-link=\"http:\/\/korejouplongee.com\/proue2\" class=\"wp-image-1118\" srcset=\"https:\/\/korejouplongee.com\/wp-content\/uploads\/2019\/06\/proue2.jpg 887w, https:\/\/korejouplongee.com\/wp-content\/uploads\/2019\/06\/proue2-300x200.jpg 300w, https:\/\/korejouplongee.com\/wp-content\/uploads\/2019\/06\/proue2-768x512.jpg 768w\" sizes=\"(max-width: 887px) 100vw, 887px\" \/><\/a><\/figure><\/li><li class=\"blocks-gallery-item\"><figure><a href=\"http:\/\/korejouplongee.com\/wp-content\/uploads\/2019\/06\/proue.jpg\"><img loading=\"lazy\" width=\"887\" height=\"591\" src=\"http:\/\/korejouplongee.com\/wp-content\/uploads\/2019\/06\/proue.jpg\" alt=\"\" data-id=\"1117\" data-link=\"http:\/\/korejouplongee.com\/proue\" class=\"wp-image-1117\" srcset=\"https:\/\/korejouplongee.com\/wp-content\/uploads\/2019\/06\/proue.jpg 887w, https:\/\/korejouplongee.com\/wp-content\/uploads\/2019\/06\/proue-300x200.jpg 300w, https:\/\/korejouplongee.com\/wp-content\/uploads\/2019\/06\/proue-768x512.jpg 768w\" sizes=\"(max-width: 887px) 100vw, 887px\" \/><\/a><\/figure><\/li><li class=\"blocks-gallery-item\"><figure><a href=\"http:\/\/korejouplongee.com\/wp-content\/uploads\/2019\/06\/sable.jpg\"><img loading=\"lazy\" width=\"591\" height=\"887\" src=\"http:\/\/korejouplongee.com\/wp-content\/uploads\/2019\/06\/sable.jpg\" alt=\"\" data-id=\"1121\" data-link=\"http:\/\/korejouplongee.com\/sable\" class=\"wp-image-1121\" srcset=\"https:\/\/korejouplongee.com\/wp-content\/uploads\/2019\/06\/sable.jpg 591w, https:\/\/korejouplongee.com\/wp-content\/uploads\/2019\/06\/sable-200x300.jpg 200w\" sizes=\"(max-width: 591px) 100vw, 591px\" \/><\/a><\/figure><\/li><li class=\"blocks-gallery-item\"><figure><a href=\"http:\/\/korejouplongee.com\/wp-content\/uploads\/2019\/06\/poupe2.jpg\"><img loading=\"lazy\" width=\"591\" height=\"887\" src=\"http:\/\/korejouplongee.com\/wp-content\/uploads\/2019\/06\/poupe2.jpg\" alt=\"\" data-id=\"1115\" data-link=\"http:\/\/korejouplongee.com\/poupe2\" class=\"wp-image-1115\" srcset=\"https:\/\/korejouplongee.com\/wp-content\/uploads\/2019\/06\/poupe2.jpg 591w, https:\/\/korejouplongee.com\/wp-content\/uploads\/2019\/06\/poupe2-200x300.jpg 200w\" sizes=\"(max-width: 591px) 100vw, 591px\" \/><\/a><\/figure><\/li><li class=\"blocks-gallery-item\"><figure><a href=\"http:\/\/korejouplongee.com\/wp-content\/uploads\/2019\/06\/poupe.jpg\"><img loading=\"lazy\" width=\"590\" height=\"887\" src=\"http:\/\/korejouplongee.com\/wp-content\/uploads\/2019\/06\/poupe.jpg\" alt=\"\" data-id=\"1114\" data-link=\"http:\/\/korejouplongee.com\/poupe\" class=\"wp-image-1114\" srcset=\"https:\/\/korejouplongee.com\/wp-content\/uploads\/2019\/06\/poupe.jpg 590w, https:\/\/korejouplongee.com\/wp-content\/uploads\/2019\/06\/poupe-200x300.jpg 200w\" sizes=\"(max-width: 590px) 100vw, 590px\" \/><\/a><\/figure><\/li><li class=\"blocks-gallery-item\"><figure><a href=\"http:\/\/korejouplongee.com\/wp-content\/uploads\/2019\/06\/prou2.jpg\"><img loading=\"lazy\" width=\"896\" height=\"596\" src=\"http:\/\/korejouplongee.com\/wp-content\/uploads\/2019\/06\/prou2.jpg\" alt=\"\" data-id=\"1116\" data-link=\"http:\/\/korejouplongee.com\/prou2\" class=\"wp-image-1116\" srcset=\"https:\/\/korejouplongee.com\/wp-content\/uploads\/2019\/06\/prou2.jpg 896w, https:\/\/korejouplongee.com\/wp-content\/uploads\/2019\/06\/prou2-300x200.jpg 300w, https:\/\/korejouplongee.com\/wp-content\/uploads\/2019\/06\/prou2-768x511.jpg 768w\" sizes=\"(max-width: 896px) 100vw, 896px\" \/><\/a><\/figure><\/li><li class=\"blocks-gallery-item\"><figure><a href=\"http:\/\/korejouplongee.com\/wp-content\/uploads\/2019\/06\/plgpoupe.jpg\"><img loading=\"lazy\" width=\"591\" height=\"887\" src=\"http:\/\/korejouplongee.com\/wp-content\/uploads\/2019\/06\/plgpoupe.jpg\" alt=\"\" data-id=\"1111\" data-link=\"http:\/\/korejouplongee.com\/plgpoupe\" class=\"wp-image-1111\" srcset=\"https:\/\/korejouplongee.com\/wp-content\/uploads\/2019\/06\/plgpoupe.jpg 591w, https:\/\/korejouplongee.com\/wp-content\/uploads\/2019\/06\/plgpoupe-200x300.jpg 200w\" sizes=\"(max-width: 591px) 100vw, 591px\" \/><\/a><\/figure><\/li><li class=\"blocks-gallery-item\"><figure><a href=\"http:\/\/korejouplongee.com\/wp-content\/uploads\/2019\/06\/mat.jpg\"><img loading=\"lazy\" width=\"887\" height=\"591\" src=\"http:\/\/korejouplongee.com\/wp-content\/uploads\/2019\/06\/mat.jpg\" alt=\"\" data-id=\"1103\" data-link=\"http:\/\/korejouplongee.com\/mat\" class=\"wp-image-1103\" srcset=\"https:\/\/korejouplongee.com\/wp-content\/uploads\/2019\/06\/mat.jpg 887w, https:\/\/korejouplongee.com\/wp-content\/uploads\/2019\/06\/mat-300x200.jpg 300w, https:\/\/korejouplongee.com\/wp-content\/uploads\/2019\/06\/mat-768x512.jpg 768w\" sizes=\"(max-width: 887px) 100vw, 887px\" \/><\/a><\/figure><\/li><li class=\"blocks-gallery-item\"><figure><a href=\"http:\/\/korejouplongee.com\/wp-content\/uploads\/2019\/06\/courbe.jpg\"><img loading=\"lazy\" width=\"591\" height=\"887\" src=\"http:\/\/korejouplongee.com\/wp-content\/uploads\/2019\/06\/courbe.jpg\" alt=\"\" data-id=\"1078\" data-link=\"http:\/\/korejouplongee.com\/courbe\" class=\"wp-image-1078\" srcset=\"https:\/\/korejouplongee.com\/wp-content\/uploads\/2019\/06\/courbe.jpg 591w, https:\/\/korejouplongee.com\/wp-content\/uploads\/2019\/06\/courbe-200x300.jpg 200w\" sizes=\"(max-width: 591px) 100vw, 591px\" \/><\/a><\/figure><\/li><li class=\"blocks-gallery-item\"><figure><a href=\"http:\/\/korejouplongee.com\/wp-content\/uploads\/2019\/06\/2-plongeurs-a-la-proue-1024x685.jpg\"><img loading=\"lazy\" width=\"1024\" height=\"685\" src=\"http:\/\/korejouplongee.com\/wp-content\/uploads\/2019\/06\/2-plongeurs-a-la-proue-1024x685.jpg\" alt=\"\" data-id=\"994\" data-link=\"http:\/\/korejouplongee.com\/2-plongeurs-a-la-proue\" class=\"wp-image-994\" srcset=\"https:\/\/korejouplongee.com\/wp-content\/uploads\/2019\/06\/2-plongeurs-a-la-proue-1024x685.jpg 1024w, https:\/\/korejouplongee.com\/wp-content\/uploads\/2019\/06\/2-plongeurs-a-la-proue-300x201.jpg 300w, https:\/\/korejouplongee.com\/wp-content\/uploads\/2019\/06\/2-plongeurs-a-la-proue-768x514.jpg 768w, https:\/\/korejouplongee.com\/wp-content\/uploads\/2019\/06\/2-plongeurs-a-la-proue.jpg 1200w\" sizes=\"(max-width: 1024px) 100vw, 1024px\" \/><\/a><\/figure><\/li><li class=\"blocks-gallery-item\"><figure><a href=\"http:\/\/korejouplongee.com\/wp-content\/uploads\/2019\/06\/larriere-desat.jpg\"><img loading=\"lazy\" width=\"669\" height=\"1000\" src=\"http:\/\/korejouplongee.com\/wp-content\/uploads\/2019\/06\/larriere-desat.jpg\" alt=\"\" data-id=\"1062\" data-link=\"http:\/\/korejouplongee.com\/larriere-desat\" class=\"wp-image-1062\" srcset=\"https:\/\/korejouplongee.com\/wp-content\/uploads\/2019\/06\/larriere-desat.jpg 669w, https:\/\/korejouplongee.com\/wp-content\/uploads\/2019\/06\/larriere-desat-201x300.jpg 201w\" sizes=\"(max-width: 669px) 100vw, 669px\" \/><\/a><\/figure><\/li><li class=\"blocks-gallery-item\"><figure><a href=\"http:\/\/korejouplongee.com\/wp-content\/uploads\/2019\/06\/l-\u00e9trave.jpg\"><img loading=\"lazy\" width=\"1000\" height=\"669\" src=\"http:\/\/korejouplongee.com\/wp-content\/uploads\/2019\/06\/l-\u00e9trave.jpg\" alt=\"\" data-id=\"1061\" data-link=\"http:\/\/korejouplongee.com\/l-etrave\" class=\"wp-image-1061\" srcset=\"https:\/\/korejouplongee.com\/wp-content\/uploads\/2019\/06\/l-\u00e9trave.jpg 1000w, https:\/\/korejouplongee.com\/wp-content\/uploads\/2019\/06\/l-\u00e9trave-300x201.jpg 300w, https:\/\/korejouplongee.com\/wp-content\/uploads\/2019\/06\/l-\u00e9trave-768x514.jpg 768w\" sizes=\"(max-width: 1000px) 100vw, 1000px\" \/><\/a><\/figure><\/li><li class=\"blocks-gallery-item\"><figure><a href=\"http:\/\/korejouplongee.com\/wp-content\/uploads\/2019\/06\/helice.jpg\"><img loading=\"lazy\" width=\"591\" height=\"887\" src=\"http:\/\/korejouplongee.com\/wp-content\/uploads\/2019\/06\/helice.jpg\" alt=\"\" data-id=\"1089\" data-link=\"http:\/\/korejouplongee.com\/helice\" class=\"wp-image-1089\" srcset=\"https:\/\/korejouplongee.com\/wp-content\/uploads\/2019\/06\/helice.jpg 591w, https:\/\/korejouplongee.com\/wp-content\/uploads\/2019\/06\/helice-200x300.jpg 200w\" sizes=\"(max-width: 591px) 100vw, 591px\" \/><\/a><\/figure><\/li><\/ul>\n\n\n\n<p><\/p>\n","protected":false},"excerpt":{"rendered":"<p>Type du navire : cargo Date de construction : 1882&nbsp;Dimension&nbsp;: 235. 1 pieds pour une largeur de 32. 2 pieds et un creux de 17 piedsPavillon : britannique &nbsp;Le steamer anglais \u00e0 un pont, gr\u00e9\u00e9 en brigantine, de 1266 tonneaux de jauge brute pour 70 m\u00e8tres de long, propuls\u00e9 par une machine compound \u00e0 2&hellip; <br \/> <a class=\"read-more\" href=\"https:\/\/korejouplongee.com\/index.php\/epaves-le-levenvale\">Lire la suite<\/a><\/p>\n","protected":false},"author":1,"featured_media":1103,"parent":0,"menu_order":0,"comment_status":"closed","ping_status":"closed","template":"","meta":[],"_links":{"self":[{"href":"https:\/\/korejouplongee.com\/index.php\/wp-json\/wp\/v2\/pages\/446"}],"collection":[{"href":"https:\/\/korejouplongee.com\/index.php\/wp-json\/wp\/v2\/pages"}],"about":[{"href":"https:\/\/korejouplongee.com\/index.php\/wp-json\/wp\/v2\/types\/page"}],"author":[{"embeddable":true,"href":"https:\/\/korejouplongee.com\/index.php\/wp-json\/wp\/v2\/users\/1"}],"replies":[{"embeddable":true,"href":"https:\/\/korejouplongee.com\/index.php\/wp-json\/wp\/v2\/comments?post=446"}],"version-history":[{"count":8,"href":"https:\/\/korejouplongee.com\/index.php\/wp-json\/wp\/v2\/pages\/446\/revisions"}],"predecessor-version":[{"id":1168,"href":"https:\/\/korejouplongee.com\/index.php\/wp-json\/wp\/v2\/pages\/446\/revisions\/1168"}],"wp:featuredmedia":[{"embeddable":true,"href":"https:\/\/korejouplongee.com\/index.php\/wp-json\/wp\/v2\/media\/1103"}],"wp:attachment":[{"href":"https:\/\/korejouplongee.com\/index.php\/wp-json\/wp\/v2\/media?parent=446"}],"curies":[{"name":"wp","href":"https:\/\/api.w.org\/{rel}","templated":true}]}}