{"id":44,"date":"2019-01-21T11:59:19","date_gmt":"2019-01-21T10:59:19","guid":{"rendered":"http:\/\/korejouplongee.com\/?page_id=44"},"modified":"2019-06-04T14:07:33","modified_gmt":"2019-06-04T12:07:33","slug":"le-bapteme","status":"publish","type":"page","link":"https:\/\/korejouplongee.com\/index.php\/le-bapteme","title":{"rendered":"Bapt\u00eame"},"content":{"rendered":"\n<div class=\"wp-block-media-text alignwide is-stacked-on-mobile\" style=\"grid-template-columns:23% auto\"><figure class=\"wp-block-media-text__media\"><img loading=\"lazy\" width=\"591\" height=\"887\" src=\"http:\/\/korejouplongee.com\/wp-content\/uploads\/2019\/06\/bapteme.jpg\" alt=\"\" class=\"wp-image-1074\" srcset=\"https:\/\/korejouplongee.com\/wp-content\/uploads\/2019\/06\/bapteme.jpg 591w, https:\/\/korejouplongee.com\/wp-content\/uploads\/2019\/06\/bapteme-200x300.jpg 200w\" sizes=\"(max-width: 591px) 100vw, 591px\" \/><\/figure><div class=\"wp-block-media-text__content\">\n<p class=\"has-medium-font-size\"><strong>Le bapt\u00eame<\/strong><\/p>\n\n\n\n<p><br>&nbsp;C&rsquo;est le d\u00e9but d&rsquo;une aventure c&rsquo;est pourquoi lors de cette premi\u00e8re immersion un moniteur uniquement pour vous, vous assure, confort, plaisir et s\u00e9curit\u00e9.<br><br> Avant la premi\u00e8re immersion, le moniteur vous explique les r\u00e8gles de base de la plong\u00e9e, le fonctionnement du mat\u00e9riel et le code gestuel pour communiquer sous l&rsquo;eau.<\/p>\n<\/div><\/div>\n\n\n\n<div style=\"height:100px\" aria-hidden=\"true\" class=\"wp-block-spacer\"><\/div>\n\n\n\n<div class=\"wp-block-media-text alignwide has-media-on-the-right is-stacked-on-mobile\" style=\"grid-template-columns:auto 36%\"><figure class=\"wp-block-media-text__media\"><img loading=\"lazy\" width=\"1024\" height=\"768\" src=\"http:\/\/korejouplongee.com\/wp-content\/uploads\/2019\/06\/30-10-070026-1024x768.jpg\" alt=\"\" class=\"wp-image-998\" srcset=\"https:\/\/korejouplongee.com\/wp-content\/uploads\/2019\/06\/30-10-070026-1024x768.jpg 1024w, https:\/\/korejouplongee.com\/wp-content\/uploads\/2019\/06\/30-10-070026-300x225.jpg 300w, https:\/\/korejouplongee.com\/wp-content\/uploads\/2019\/06\/30-10-070026-768x576.jpg 768w, https:\/\/korejouplongee.com\/wp-content\/uploads\/2019\/06\/30-10-070026-1440x1080.jpg 1440w\" sizes=\"(max-width: 1024px) 100vw, 1024px\" \/><\/figure><div class=\"wp-block-media-text__content\">\n<p class=\"has-medium-font-size\"><strong>Le bapt\u00eame plus<\/strong><\/p>\n\n\n\n<p><br>&nbsp;Le bapt\u00eame plus comprend un bapt\u00eame de plong\u00e9e en bouteille, puis une deuxi\u00e8me plong\u00e9e o\u00f9 vous apprendrez les techniques \u00e9l\u00e9mentaires de plong\u00e9e<br>Cette activit\u00e9 peut se d\u00e9rouler sur une journ\u00e9e<\/p>\n<\/div><\/div>\n\n\n\n<div style=\"height:100px\" aria-hidden=\"true\" class=\"wp-block-spacer\"><\/div>\n\n\n\n<div class=\"wp-block-media-text alignwide is-stacked-on-mobile\" style=\"grid-template-columns:17% auto\"><figure class=\"wp-block-media-text__media\"><img loading=\"lazy\" width=\"200\" height=\"135\" src=\"http:\/\/korejouplongee.com\/wp-content\/uploads\/2019\/06\/packdecouverte1.jpg\" alt=\"Le pack d\u00e9couverte est destin\u00e9 aux d\u00e9butants (\u00e0 partir de 8 ans). Il permet sans contrainte de se faire plaisir avec un moniteur pendant 3 plong\u00e9es dans une  profondeurde 6m maximum. Il donne  lieu \u00e0 la d\u00e9livrance d'une carte de plongeur.\" class=\"wp-image-1126\"\/><\/figure><div class=\"wp-block-media-text__content\">\n<p class=\"has-medium-font-size\"><strong>Le&nbsp;pack d\u00e9couverte<\/strong>&nbsp;est destin\u00e9 aux d\u00e9butants (\u00e0 partir de 8 ans).&nbsp;Il permet sans contrainte de se faire plaisir avec un moniteur pendant 3 plong\u00e9es dans une&nbsp;&nbsp;profondeurde 6m maximum. Il donne&nbsp; lieu \u00e0 la d\u00e9livrance d&rsquo;une carte de plongeur.<\/p>\n<\/div><\/div>\n","protected":false},"excerpt":{"rendered":"<p>Le bapt\u00eame &nbsp;C&rsquo;est le d\u00e9but d&rsquo;une aventure c&rsquo;est pourquoi lors de cette premi\u00e8re immersion un moniteur uniquement pour vous, vous assure, confort, plaisir et s\u00e9curit\u00e9. Avant la premi\u00e8re immersion, le moniteur vous explique les r\u00e8gles de base de la plong\u00e9e, le fonctionnement du mat\u00e9riel et le code gestuel pour communiquer sous l&rsquo;eau. Le bapt\u00eame plus&hellip; <br \/> <a class=\"read-more\" href=\"https:\/\/korejouplongee.com\/index.php\/le-bapteme\">Lire la suite<\/a><\/p>\n","protected":false},"author":1,"featured_media":1075,"parent":0,"menu_order":0,"comment_status":"closed","ping_status":"closed","template":"","meta":[],"_links":{"self":[{"href":"https:\/\/korejouplongee.com\/index.php\/wp-json\/wp\/v2\/pages\/44"}],"collection":[{"href":"https:\/\/korejouplongee.com\/index.php\/wp-json\/wp\/v2\/pages"}],"about":[{"href":"https:\/\/korejouplongee.com\/index.php\/wp-json\/wp\/v2\/types\/page"}],"author":[{"embeddable":true,"href":"https:\/\/korejouplongee.com\/index.php\/wp-json\/wp\/v2\/users\/1"}],"replies":[{"embeddable":true,"href":"https:\/\/korejouplongee.com\/index.php\/wp-json\/wp\/v2\/comments?post=44"}],"version-history":[{"count":28,"href":"https:\/\/korejouplongee.com\/index.php\/wp-json\/wp\/v2\/pages\/44\/revisions"}],"predecessor-version":[{"id":1163,"href":"https:\/\/korejouplongee.com\/index.php\/wp-json\/wp\/v2\/pages\/44\/revisions\/1163"}],"wp:featuredmedia":[{"embeddable":true,"href":"https:\/\/korejouplongee.com\/index.php\/wp-json\/wp\/v2\/media\/1075"}],"wp:attachment":[{"href":"https:\/\/korejouplongee.com\/index.php\/wp-json\/wp\/v2\/media?parent=44"}],"curies":[{"name":"wp","href":"https:\/\/api.w.org\/{rel}","templated":true}]}}