{"id":427,"date":"2019-04-11T16:54:10","date_gmt":"2019-04-11T14:54:10","guid":{"rendered":"http:\/\/korejouplongee.com\/?page_id=427"},"modified":"2019-06-04T15:47:36","modified_gmt":"2019-06-04T13:47:36","slug":"epave-amoco-cadiz","status":"publish","type":"page","link":"https:\/\/korejouplongee.com\/index.php\/epave-amoco-cadiz","title":{"rendered":"Epave l&rsquo;Amoco-Cadiz"},"content":{"rendered":"\n<p>\n\nType du navire : p\u00e9trolier<br>Date de construction : 1974&nbsp;<br>Longueur : 334 m<br>Largeur : 51 m<br>Pavillon : lib\u00e9rien<br>Cause de l\u2019accident : avarie de barre<\/p>\n\n\n\n<p>Le 16 MARS 1978, en avarie de barre au large du Finist\u00e8re, le p\u00e9trolier lib\u00e9rien Amoco-cadiz, transportant vers Rotterdam 227 000 tonnes de p\u00e9trole, s\u2019\u00e9choue sur les roches de Portsall .<br>Le \u00ab Super tanker \u00bb Amoco-cadiz long de 334 m\u00e8tres sur 51 m\u00e8tres de large repose par 30 m\u00e8tres de profondeur sur un fond de sable, dans le nord\/est de Corn Carhai&nbsp;<br>La partie arri\u00e8re de l\u2019\u00e9pave se trouve \u00e0 6 m\u00e8tres de la surface.\n\n<\/p>\n\n\n\n<div style=\"height:100px\" aria-hidden=\"true\" class=\"wp-block-spacer\"><\/div>\n\n\n\n<p style=\"text-align:center\"> Pour connaitre nos prochaines sorties :\u00a0<a href=\"http:\/\/korejouplongee.com\/index.php\/planning-complet\">Cliquez ICI<\/a><\/p>\n\n\n\n<div style=\"height:100px\" aria-hidden=\"true\" class=\"wp-block-spacer\"><\/div>\n\n\n\n<ul class=\"wp-block-gallery columns-2 is-cropped\"><li class=\"blocks-gallery-item\"><figure><a href=\"http:\/\/korejouplongee.com\/wp-content\/uploads\/2019\/06\/amoco-1024x683.jpg\"><img loading=\"lazy\" width=\"1024\" height=\"683\" src=\"http:\/\/korejouplongee.com\/wp-content\/uploads\/2019\/06\/amoco-1024x683.jpg\" alt=\"\" data-id=\"1011\" data-link=\"http:\/\/korejouplongee.com\/amoco\" class=\"wp-image-1011\" srcset=\"https:\/\/korejouplongee.com\/wp-content\/uploads\/2019\/06\/amoco-1024x683.jpg 1024w, https:\/\/korejouplongee.com\/wp-content\/uploads\/2019\/06\/amoco-300x200.jpg 300w, https:\/\/korejouplongee.com\/wp-content\/uploads\/2019\/06\/amoco-768x512.jpg 768w, https:\/\/korejouplongee.com\/wp-content\/uploads\/2019\/06\/amoco-1620x1080.jpg 1620w\" sizes=\"(max-width: 1024px) 100vw, 1024px\" \/><\/a><\/figure><\/li><li class=\"blocks-gallery-item\"><figure><a href=\"http:\/\/korejouplongee.com\/wp-content\/uploads\/2019\/06\/amoco-cadiz-7.jpg\"><img loading=\"lazy\" width=\"300\" height=\"225\" src=\"http:\/\/korejouplongee.com\/wp-content\/uploads\/2019\/06\/amoco-cadiz-7.jpg\" alt=\"\" data-id=\"1010\" data-link=\"http:\/\/korejouplongee.com\/amoco-cadiz-7\" class=\"wp-image-1010\"\/><\/a><\/figure><\/li><li class=\"blocks-gallery-item\"><figure><a href=\"http:\/\/korejouplongee.com\/wp-content\/uploads\/2019\/06\/amoco-2-768x1024.jpg\"><img loading=\"lazy\" width=\"768\" height=\"1024\" src=\"http:\/\/korejouplongee.com\/wp-content\/uploads\/2019\/06\/amoco-2-768x1024.jpg\" alt=\"\" data-id=\"1009\" data-link=\"http:\/\/korejouplongee.com\/amoco-2\" class=\"wp-image-1009\" srcset=\"https:\/\/korejouplongee.com\/wp-content\/uploads\/2019\/06\/amoco-2-768x1024.jpg 768w, https:\/\/korejouplongee.com\/wp-content\/uploads\/2019\/06\/amoco-2-225x300.jpg 225w, https:\/\/korejouplongee.com\/wp-content\/uploads\/2019\/06\/amoco-2-1024x1365.jpg 1024w, https:\/\/korejouplongee.com\/wp-content\/uploads\/2019\/06\/amoco-2-810x1080.jpg 810w\" sizes=\"(max-width: 768px) 100vw, 768px\" \/><\/a><\/figure><\/li><li class=\"blocks-gallery-item\"><figure><a href=\"http:\/\/korejouplongee.com\/wp-content\/uploads\/2019\/06\/amoco-1.jpg\"><img loading=\"lazy\" width=\"640\" height=\"427\" src=\"http:\/\/korejouplongee.com\/wp-content\/uploads\/2019\/06\/amoco-1.jpg\" alt=\"\" data-id=\"1008\" data-link=\"http:\/\/korejouplongee.com\/amoco-1\" class=\"wp-image-1008\" srcset=\"https:\/\/korejouplongee.com\/wp-content\/uploads\/2019\/06\/amoco-1.jpg 640w, https:\/\/korejouplongee.com\/wp-content\/uploads\/2019\/06\/amoco-1-300x200.jpg 300w\" sizes=\"(max-width: 640px) 100vw, 640px\" \/><\/a><\/figure><\/li><li class=\"blocks-gallery-item\"><figure><a href=\"http:\/\/korejouplongee.com\/wp-content\/uploads\/2019\/06\/18s13-2-1024x679.jpg\"><img loading=\"lazy\" width=\"1024\" height=\"679\" src=\"http:\/\/korejouplongee.com\/wp-content\/uploads\/2019\/06\/18s13-2-1024x679.jpg\" alt=\"\" data-id=\"1184\" data-link=\"http:\/\/korejouplongee.com\/index.php\/epave-amoco-cadiz\/18s13-3\" class=\"wp-image-1184\" srcset=\"https:\/\/korejouplongee.com\/wp-content\/uploads\/2019\/06\/18s13-2-1024x679.jpg 1024w, https:\/\/korejouplongee.com\/wp-content\/uploads\/2019\/06\/18s13-2-300x199.jpg 300w, https:\/\/korejouplongee.com\/wp-content\/uploads\/2019\/06\/18s13-2-768x509.jpg 768w, https:\/\/korejouplongee.com\/wp-content\/uploads\/2019\/06\/18s13-2-1629x1080.jpg 1629w\" sizes=\"(max-width: 1024px) 100vw, 1024px\" \/><\/a><\/figure><\/li><\/ul>\n\n\n\n<p><\/p>\n","protected":false},"excerpt":{"rendered":"<p>Type du navire : p\u00e9trolierDate de construction : 1974&nbsp;Longueur : 334 mLargeur : 51 mPavillon : lib\u00e9rienCause de l\u2019accident : avarie de barre Le 16 MARS 1978, en avarie de barre au large du Finist\u00e8re, le p\u00e9trolier lib\u00e9rien Amoco-cadiz, transportant vers Rotterdam 227 000 tonnes de p\u00e9trole, s\u2019\u00e9choue sur les roches de Portsall .Le \u00ab&hellip; <br \/> <a class=\"read-more\" href=\"https:\/\/korejouplongee.com\/index.php\/epave-amoco-cadiz\">Lire la suite<\/a><\/p>\n","protected":false},"author":1,"featured_media":1184,"parent":0,"menu_order":0,"comment_status":"closed","ping_status":"closed","template":"","meta":[],"_links":{"self":[{"href":"https:\/\/korejouplongee.com\/index.php\/wp-json\/wp\/v2\/pages\/427"}],"collection":[{"href":"https:\/\/korejouplongee.com\/index.php\/wp-json\/wp\/v2\/pages"}],"about":[{"href":"https:\/\/korejouplongee.com\/index.php\/wp-json\/wp\/v2\/types\/page"}],"author":[{"embeddable":true,"href":"https:\/\/korejouplongee.com\/index.php\/wp-json\/wp\/v2\/users\/1"}],"replies":[{"embeddable":true,"href":"https:\/\/korejouplongee.com\/index.php\/wp-json\/wp\/v2\/comments?post=427"}],"version-history":[{"count":7,"href":"https:\/\/korejouplongee.com\/index.php\/wp-json\/wp\/v2\/pages\/427\/revisions"}],"predecessor-version":[{"id":1186,"href":"https:\/\/korejouplongee.com\/index.php\/wp-json\/wp\/v2\/pages\/427\/revisions\/1186"}],"wp:featuredmedia":[{"embeddable":true,"href":"https:\/\/korejouplongee.com\/index.php\/wp-json\/wp\/v2\/media\/1184"}],"wp:attachment":[{"href":"https:\/\/korejouplongee.com\/index.php\/wp-json\/wp\/v2\/media?parent=427"}],"curies":[{"name":"wp","href":"https:\/\/api.w.org\/{rel}","templated":true}]}}