{"id":42,"date":"2019-01-21T11:59:18","date_gmt":"2019-01-21T10:59:18","guid":{"rendered":"http:\/\/korejouplongee.com\/?page_id=42"},"modified":"2024-04-23T14:42:51","modified_gmt":"2024-04-23T12:42:51","slug":"contact","status":"publish","type":"page","link":"https:\/\/korejouplongee.com\/index.php\/contact","title":{"rendered":"Contact"},"content":{"rendered":"\n<div class=\"wp-block-columns has-2-columns\">\n<div class=\"wp-block-column\">\n<p class=\"has-text-align-center\"><strong>Kor\u00e9jou plong\u00e9e<\/strong><br>Quai du Stellac&rsquo;h<br>29830 Saint PABU<\/p>\n\n\n\n<p class=\"has-text-align-center\"> 48.570369 N<\/p>\n\n\n\n<p class=\"has-text-align-center\">  -4.595796 O<\/p>\n\n\n\n<p class=\"has-text-align-center\">T\u00e9l\u00e9phone : 02 98 37 42 83<br>Portable : 06 30 91 75 77<\/p>\n\n\n\n<p class=\"has-text-align-center\"><br>Contact par e-mail \u00e0\u00a0<br><a href=\"mailto:korejouplongee@wanadoo.fr\">korejouplongee@wanadoo.fr<\/a><\/p>\n\n\n\n<p><\/p>\n\n\n\n<p><\/p>\n\n\n\n<blockquote class=\"wp-block-quote\"><p><em>En cas de litige entre le Client et l\u2019entreprise, ceux-ci s\u2019efforceront de le r\u00e9soudre \u00e0 l\u2019amiable (le Client adressera une r\u00e9clamation \u00e9crite aupr\u00e8s du professionnel ou, le cas \u00e9ch\u00e9ant, aupr\u00e8s du Service Relations Client\u00e8le du professionnel).<br><\/em><em>A d\u00e9faut d\u2019accord amiable ou en l\u2019absence de r\u00e9ponse du professionnel dans un d\u00e9lai raisonnable d\u2019un (1) mois, le Client consommateur au sens de l\u2019article L.133-4 du code de la consommation a la possibilit\u00e9 de saisir gratuitement, si un d\u00e9saccord subsiste, le m\u00e9diateur comp\u00e9tent inscrit sur la liste des m\u00e9diateurs \u00e9tablie par la Commission d\u2019\u00e9valuation et de contr\u00f4le de la m\u00e9diation de la consommation en application de l\u2019article L.615-1 du code de la consommation, \u00e0 savoir :<br>La Soci\u00e9t\u00e9 M\u00e9diation Professionnelle<br><a href=\"http:\/\/www.mediateur-consommation-smp.fr\/\" target=\"_blank\" rel=\"noreferrer noopener\">www.mediateur-consommation-smp.fr<\/a><br>24 rue Albert de Mun &#8211; 33000 Bordeaux<\/em><\/p><\/blockquote>\n<\/div>\n\n\n\n<div class=\"wp-block-column\">\n<iframe loading=\"lazy\" src=\"https:\/\/www.google.com\/maps\/embed?pb=!1m18!1m12!1m3!1d2637.009590735073!2d-4.509457684152569!3d48.62879852479853!2m3!1f0!2f0!3f0!3m2!1i1024!2i768!4f13.1!3m3!1m2!1s0x4816a1c9a4bcb917%3A0xdaeb9d8548d0d568!2sKOREJOU+PLONGEE!5e0!3m2!1sfr!2sfr!4v1555075407101!5m2!1sfr!2sfr\" width=\"800\" height=\"600\" frameborder=\"0\" style=\"border:0\" allowfullscreen=\"\"><\/iframe>\n<\/div>\n<\/div>\n","protected":false},"excerpt":{"rendered":"<p>Kor\u00e9jou plong\u00e9eQuai du Stellac&rsquo;h29830 Saint PABU 48.570369 N -4.595796 O T\u00e9l\u00e9phone : 02 98 37 42 83Portable : 06 30 91 75 77 Contact par e-mail \u00e0\u00a0korejouplongee@wanadoo.fr En cas de litige entre le Client et l\u2019entreprise, ceux-ci s\u2019efforceront de le r\u00e9soudre \u00e0 l\u2019amiable (le Client adressera une r\u00e9clamation \u00e9crite aupr\u00e8s du professionnel ou, le cas&hellip; <br \/> <a class=\"read-more\" href=\"https:\/\/korejouplongee.com\/index.php\/contact\">Lire la suite<\/a><\/p>\n","protected":false},"author":1,"featured_media":0,"parent":0,"menu_order":0,"comment_status":"closed","ping_status":"closed","template":"","meta":[],"_links":{"self":[{"href":"https:\/\/korejouplongee.com\/index.php\/wp-json\/wp\/v2\/pages\/42"}],"collection":[{"href":"https:\/\/korejouplongee.com\/index.php\/wp-json\/wp\/v2\/pages"}],"about":[{"href":"https:\/\/korejouplongee.com\/index.php\/wp-json\/wp\/v2\/types\/page"}],"author":[{"embeddable":true,"href":"https:\/\/korejouplongee.com\/index.php\/wp-json\/wp\/v2\/users\/1"}],"replies":[{"embeddable":true,"href":"https:\/\/korejouplongee.com\/index.php\/wp-json\/wp\/v2\/comments?post=42"}],"version-history":[{"count":9,"href":"https:\/\/korejouplongee.com\/index.php\/wp-json\/wp\/v2\/pages\/42\/revisions"}],"predecessor-version":[{"id":1336,"href":"https:\/\/korejouplongee.com\/index.php\/wp-json\/wp\/v2\/pages\/42\/revisions\/1336"}],"wp:attachment":[{"href":"https:\/\/korejouplongee.com\/index.php\/wp-json\/wp\/v2\/media?parent=42"}],"curies":[{"name":"wp","href":"https:\/\/api.w.org\/{rel}","templated":true}]}}