{"id":162,"date":"2019-01-21T18:09:38","date_gmt":"2019-01-21T17:09:38","guid":{"rendered":"http:\/\/korejouplongee.com\/?page_id=162"},"modified":"2019-06-04T15:14:55","modified_gmt":"2019-06-04T13:14:55","slug":"le-bateau","status":"publish","type":"page","link":"https:\/\/korejouplongee.com\/index.php\/le-bateau","title":{"rendered":"Le bateau"},"content":{"rendered":"\n<p style=\"text-align:center\"><strong>M\u00e9len<\/strong><\/p>\n\n\n\n<div class=\"wp-block-image\"><figure class=\"aligncenter is-resized\"><img loading=\"lazy\" src=\"http:\/\/korejouplongee.com\/wp-content\/uploads\/2019\/06\/2-plongeurs-a-la-proue-1024x685.jpg\" alt=\"\" class=\"wp-image-994\" width=\"512\" height=\"343\" srcset=\"https:\/\/korejouplongee.com\/wp-content\/uploads\/2019\/06\/2-plongeurs-a-la-proue-1024x685.jpg 1024w, https:\/\/korejouplongee.com\/wp-content\/uploads\/2019\/06\/2-plongeurs-a-la-proue-300x201.jpg 300w, https:\/\/korejouplongee.com\/wp-content\/uploads\/2019\/06\/2-plongeurs-a-la-proue-768x514.jpg 768w, https:\/\/korejouplongee.com\/wp-content\/uploads\/2019\/06\/2-plongeurs-a-la-proue.jpg 1200w\" sizes=\"(max-width: 512px) 100vw, 512px\" \/><\/figure><\/div>\n\n\n\n<p style=\"text-align:center\">Oups, l&rsquo;ancien, triste histoire&#8230; Bougez pas, je cherche le nouveau.<\/p>\n\n\n\n<div class=\"wp-block-image\"><figure class=\"aligncenter is-resized\"><img loading=\"lazy\" src=\"http:\/\/korejouplongee.com\/wp-content\/uploads\/2019\/06\/DSC_0125-1024x576.jpg\" alt=\"\" class=\"wp-image-1037\" width=\"512\" height=\"288\" srcset=\"https:\/\/korejouplongee.com\/wp-content\/uploads\/2019\/06\/DSC_0125-1024x576.jpg 1024w, https:\/\/korejouplongee.com\/wp-content\/uploads\/2019\/06\/DSC_0125-300x169.jpg 300w, https:\/\/korejouplongee.com\/wp-content\/uploads\/2019\/06\/DSC_0125-768x432.jpg 768w, https:\/\/korejouplongee.com\/wp-content\/uploads\/2019\/06\/DSC_0125-1920x1080.jpg 1920w\" sizes=\"(max-width: 512px) 100vw, 512px\" \/><\/figure><\/div>\n\n\n\n<p style=\"text-align:center\">Ah non,  c&rsquo;est le prochain&#8230; pas mal n&rsquo;est-ce pas?<\/p>\n\n\n\n<div class=\"wp-block-image\"><figure class=\"aligncenter\"><img loading=\"lazy\" width=\"443\" height=\"363\" src=\"http:\/\/korejouplongee.com\/wp-content\/uploads\/2019\/06\/korrejou1web-e1559648318988.jpg\" alt=\"\" class=\"wp-image-1059\" srcset=\"https:\/\/korejouplongee.com\/wp-content\/uploads\/2019\/06\/korrejou1web-e1559648318988.jpg 443w, https:\/\/korejouplongee.com\/wp-content\/uploads\/2019\/06\/korrejou1web-e1559648318988-300x246.jpg 300w\" sizes=\"(max-width: 443px) 100vw, 443px\" \/><\/figure><\/div>\n\n\n\n<p style=\"text-align:center\">\n\n7 M 50 \u00e9quip\u00e9 d&rsquo;une motorisation de 225 CV. Il est sp\u00e9cialement con\u00e7u pour la plong\u00e9e et est \u00e9quip\u00e9 d&rsquo;un sondeur, VHF, et tout le mat\u00e9riel de s\u00e9curit\u00e9 n\u00e9cessaire \u00e0 la pratique de la plong\u00e9e.\n\n<\/p>\n\n\n\n<div class=\"wp-block-image\"><figure class=\"aligncenter\"><img loading=\"lazy\" width=\"1024\" height=\"768\" src=\"http:\/\/korejouplongee.com\/wp-content\/uploads\/2019\/06\/8142309-1024x768.jpg\" alt=\"\" class=\"wp-image-1150\" srcset=\"https:\/\/korejouplongee.com\/wp-content\/uploads\/2019\/06\/8142309-1024x768.jpg 1024w, https:\/\/korejouplongee.com\/wp-content\/uploads\/2019\/06\/8142309-300x225.jpg 300w, https:\/\/korejouplongee.com\/wp-content\/uploads\/2019\/06\/8142309-768x576.jpg 768w, https:\/\/korejouplongee.com\/wp-content\/uploads\/2019\/06\/8142309.jpg 1122w\" sizes=\"(max-width: 1024px) 100vw, 1024px\" \/><\/figure><\/div>\n","protected":false},"excerpt":{"rendered":"<p>M\u00e9len Oups, l&rsquo;ancien, triste histoire&#8230; Bougez pas, je cherche le nouveau. Ah non, c&rsquo;est le prochain&#8230; pas mal n&rsquo;est-ce pas? 7 M 50 \u00e9quip\u00e9 d&rsquo;une motorisation de 225 CV. Il est sp\u00e9cialement con\u00e7u pour la plong\u00e9e et est \u00e9quip\u00e9 d&rsquo;un sondeur, VHF, et tout le mat\u00e9riel de s\u00e9curit\u00e9 n\u00e9cessaire \u00e0 la pratique de la plong\u00e9e.<\/p>\n","protected":false},"author":1,"featured_media":1105,"parent":0,"menu_order":0,"comment_status":"closed","ping_status":"closed","template":"","meta":[],"_links":{"self":[{"href":"https:\/\/korejouplongee.com\/index.php\/wp-json\/wp\/v2\/pages\/162"}],"collection":[{"href":"https:\/\/korejouplongee.com\/index.php\/wp-json\/wp\/v2\/pages"}],"about":[{"href":"https:\/\/korejouplongee.com\/index.php\/wp-json\/wp\/v2\/types\/page"}],"author":[{"embeddable":true,"href":"https:\/\/korejouplongee.com\/index.php\/wp-json\/wp\/v2\/users\/1"}],"replies":[{"embeddable":true,"href":"https:\/\/korejouplongee.com\/index.php\/wp-json\/wp\/v2\/comments?post=162"}],"version-history":[{"count":11,"href":"https:\/\/korejouplongee.com\/index.php\/wp-json\/wp\/v2\/pages\/162\/revisions"}],"predecessor-version":[{"id":1174,"href":"https:\/\/korejouplongee.com\/index.php\/wp-json\/wp\/v2\/pages\/162\/revisions\/1174"}],"wp:featuredmedia":[{"embeddable":true,"href":"https:\/\/korejouplongee.com\/index.php\/wp-json\/wp\/v2\/media\/1105"}],"wp:attachment":[{"href":"https:\/\/korejouplongee.com\/index.php\/wp-json\/wp\/v2\/media?parent=162"}],"curies":[{"name":"wp","href":"https:\/\/api.w.org\/{rel}","templated":true}]}}