{"id":159,"date":"2019-01-21T18:08:54","date_gmt":"2019-01-21T17:08:54","guid":{"rendered":"http:\/\/korejouplongee.com\/?page_id=159"},"modified":"2020-05-05T16:05:11","modified_gmt":"2020-05-05T14:05:11","slug":"les-locaux","status":"publish","type":"page","link":"https:\/\/korejouplongee.com\/index.php\/les-locaux","title":{"rendered":"Le centre"},"content":{"rendered":"\n<div class=\"wp-block-media-text alignwide is-stacked-on-mobile\" style=\"grid-template-columns:20% auto\"><figure class=\"wp-block-media-text__media\"><img loading=\"lazy\" width=\"768\" height=\"1024\" src=\"http:\/\/korejouplongee.com\/wp-content\/uploads\/2019\/06\/accueil-internet-768x1024.jpg\" alt=\"\" class=\"wp-image-1006\" srcset=\"https:\/\/korejouplongee.com\/wp-content\/uploads\/2019\/06\/accueil-internet-768x1024.jpg 768w, https:\/\/korejouplongee.com\/wp-content\/uploads\/2019\/06\/accueil-internet-225x300.jpg 225w, https:\/\/korejouplongee.com\/wp-content\/uploads\/2019\/06\/accueil-internet-810x1080.jpg 810w, https:\/\/korejouplongee.com\/wp-content\/uploads\/2019\/06\/accueil-internet.jpg 900w\" sizes=\"(max-width: 768px) 100vw, 768px\" \/><\/figure><div class=\"wp-block-media-text__content\">\n<p style=\"text-align:right\" class=\"has-medium-font-size\"><strong>Accueil<\/strong>&nbsp;de Korejou Plong\u00e9e  <\/p>\n<\/div><\/div>\n\n\n\n<div style=\"height:200px\" aria-hidden=\"true\" class=\"wp-block-spacer\"><\/div>\n\n\n\n<div class=\"wp-block-media-text alignwide has-media-on-the-right is-stacked-on-mobile\" style=\"grid-template-columns:auto 27%\"><figure class=\"wp-block-media-text__media\"><img loading=\"lazy\" width=\"334\" height=\"267\" src=\"http:\/\/korejouplongee.com\/wp-content\/uploads\/2019\/06\/caisson.jpg\" alt=\"\" class=\"wp-image-1016\" srcset=\"https:\/\/korejouplongee.com\/wp-content\/uploads\/2019\/06\/caisson.jpg 334w, https:\/\/korejouplongee.com\/wp-content\/uploads\/2019\/06\/caisson-300x240.jpg 300w\" sizes=\"(max-width: 334px) 100vw, 334px\" \/><\/figure><div class=\"wp-block-media-text__content\">\n<p style=\"text-align:left\" class=\"has-medium-font-size\"><strong>le local mat\u00e9riel.<\/strong><br>&nbsp;<br>Equipement<br>mat\u00e9riels r\u00e9cents et de qualit\u00e9.<br>-combinaisons homme et femme n\u00e9opr\u00e8ne 7mm<br>-blocs 6, 10, 12 et 15l<br>-gilets stabilisateurs<br>-d\u00e9tendeurs \u00e9quip\u00e9s d&rsquo;octopus<br>-palmes r\u00e9glables et chaussons<br>-blocs et mat\u00e9riels enfants <\/p>\n<\/div><\/div>\n\n\n\n<div style=\"height:200px\" aria-hidden=\"true\" class=\"wp-block-spacer\"><\/div>\n\n\n\n<div class=\"wp-block-columns has-2-columns\">\n<div class=\"wp-block-column\">\n<ul class=\"wp-block-gallery aligncenter columns-3 is-cropped\"><li class=\"blocks-gallery-item\"><figure><img loading=\"lazy\" width=\"149\" height=\"200\" src=\"http:\/\/korejouplongee.com\/wp-content\/uploads\/2019\/06\/douche-homme.jpg\" alt=\"\" data-id=\"1030\" data-link=\"http:\/\/korejouplongee.com\/douche-homme\" class=\"wp-image-1030\"\/><\/figure><\/li><li class=\"blocks-gallery-item\"><figure><img loading=\"lazy\" width=\"132\" height=\"200\" src=\"http:\/\/korejouplongee.com\/wp-content\/uploads\/2019\/06\/douche-chaude.jpg\" alt=\"\" data-id=\"1028\" data-link=\"http:\/\/korejouplongee.com\/douche-chaude\" class=\"wp-image-1028\"\/><\/figure><\/li><li class=\"blocks-gallery-item\"><figure><img loading=\"lazy\" width=\"148\" height=\"200\" src=\"http:\/\/korejouplongee.com\/wp-content\/uploads\/2019\/06\/douche-femme.jpg\" alt=\"\" data-id=\"1029\" data-link=\"http:\/\/korejouplongee.com\/douche-femme\" class=\"wp-image-1029\"\/><\/figure><\/li><\/ul>\n\n\n\n<p><\/p>\n<\/div>\n\n\n\n<div class=\"wp-block-column\">\n<p style=\"text-align:left\"> <\/p>\n\n\n\n<p style=\" display: flex;\n    flex-direction: column;\n    justify-content: center;align-items: center;\n    height: 220px;\" class=\"has-medium-font-size\">-vestiaire femmes<br>-vestiaire hommes<br>-douches chaudes <\/p>\n<\/div>\n<\/div>\n\n\n\n<div style=\"height:200px\" aria-hidden=\"true\" class=\"wp-block-spacer\"><\/div>\n\n\n\n<div class=\"wp-block-media-text alignwide has-media-on-the-right is-stacked-on-mobile\" style=\"grid-template-columns:auto 31%\"><figure class=\"wp-block-media-text__media\"><img loading=\"lazy\" width=\"334\" height=\"267\" src=\"http:\/\/korejouplongee.com\/wp-content\/uploads\/2019\/06\/compresseur.jpg\" alt=\"\" class=\"wp-image-1021\" srcset=\"https:\/\/korejouplongee.com\/wp-content\/uploads\/2019\/06\/compresseur.jpg 334w, https:\/\/korejouplongee.com\/wp-content\/uploads\/2019\/06\/compresseur-300x240.jpg 300w\" sizes=\"(max-width: 334px) 100vw, 334px\" \/><\/figure><div class=\"wp-block-media-text__content\">\n<p style=\"text-align:left\" class=\"has-medium-font-size\">La station de gonflage  <\/p>\n<\/div><\/div>\n\n\n\n<p><\/p>\n","protected":false},"excerpt":{"rendered":"<p>Accueil&nbsp;de Korejou Plong\u00e9e le local mat\u00e9riel.&nbsp;Equipementmat\u00e9riels r\u00e9cents et de qualit\u00e9.-combinaisons homme et femme n\u00e9opr\u00e8ne 7mm-blocs 6, 10, 12 et 15l-gilets stabilisateurs-d\u00e9tendeurs \u00e9quip\u00e9s d&rsquo;octopus-palmes r\u00e9glables et chaussons-blocs et mat\u00e9riels enfants -vestiaire femmes-vestiaire hommes-douches chaudes La station de gonflage<\/p>\n","protected":false},"author":1,"featured_media":1007,"parent":0,"menu_order":0,"comment_status":"closed","ping_status":"closed","template":"","meta":[],"_links":{"self":[{"href":"https:\/\/korejouplongee.com\/index.php\/wp-json\/wp\/v2\/pages\/159"}],"collection":[{"href":"https:\/\/korejouplongee.com\/index.php\/wp-json\/wp\/v2\/pages"}],"about":[{"href":"https:\/\/korejouplongee.com\/index.php\/wp-json\/wp\/v2\/types\/page"}],"author":[{"embeddable":true,"href":"https:\/\/korejouplongee.com\/index.php\/wp-json\/wp\/v2\/users\/1"}],"replies":[{"embeddable":true,"href":"https:\/\/korejouplongee.com\/index.php\/wp-json\/wp\/v2\/comments?post=159"}],"version-history":[{"count":61,"href":"https:\/\/korejouplongee.com\/index.php\/wp-json\/wp\/v2\/pages\/159\/revisions"}],"predecessor-version":[{"id":1277,"href":"https:\/\/korejouplongee.com\/index.php\/wp-json\/wp\/v2\/pages\/159\/revisions\/1277"}],"wp:featuredmedia":[{"embeddable":true,"href":"https:\/\/korejouplongee.com\/index.php\/wp-json\/wp\/v2\/media\/1007"}],"wp:attachment":[{"href":"https:\/\/korejouplongee.com\/index.php\/wp-json\/wp\/v2\/media?parent=159"}],"curies":[{"name":"wp","href":"https:\/\/api.w.org\/{rel}","templated":true}]}}